{"id":90,"date":"2017-09-09T13:13:39","date_gmt":"2017-09-09T11:13:39","guid":{"rendered":"http:\/\/thomasdepryck.be\/?page_id=90"},"modified":"2017-09-09T13:58:26","modified_gmt":"2017-09-09T11:58:26","slug":"dehors-synopsis-credits","status":"publish","type":"page","link":"https:\/\/thomasdepryck.be\/?page_id=90","title":{"rendered":"dehors &#8211; synopsis &#8211; cr\u00e9dits"},"content":{"rendered":"<p>Michel, John et Louise sont les trois figures principales qui traversent les textes de \u00ab\u00a0Dehors\u00a0\u00bb, \u00e9crits pour le spectacle \u00e9ponyme de la compagnie De Facto, mis en sc\u00e8ne par Antoine Laubin. Depuis le d\u00e9but, depuis l\u2019enfance, ils errent dans l\u2019existence, achoppant de chaos en chaos, entre mis\u00e8re et exclusion. Ce sont trois figures de la d\u00e9socialisation, trois inadapt\u00e9s dont la soci\u00e9t\u00e9 n\u2019a su que faire.<\/p>\n<figure id=\"attachment_32\" aria-describedby=\"caption-attachment-32\" style=\"width: 300px\" class=\"wp-caption alignleft\"><img loading=\"lazy\" class=\"size-medium wp-image-32\" src=\"https:\/\/thomasdepryck.be\/wp-content\/uploads\/2017\/09\/Dehors-1.7-300x200.jpg\" alt=\"Dehors (c) Alice Piemme\" width=\"300\" height=\"200\" srcset=\"https:\/\/thomasdepryck.be\/wp-content\/uploads\/2017\/09\/Dehors-1.7-300x200.jpg 300w, https:\/\/thomasdepryck.be\/wp-content\/uploads\/2017\/09\/Dehors-1.7-768x512.jpg 768w, https:\/\/thomasdepryck.be\/wp-content\/uploads\/2017\/09\/Dehors-1.7-1024x683.jpg 1024w\" sizes=\"(max-width: 300px) 100vw, 300px\" \/><figcaption id=\"caption-attachment-32\" class=\"wp-caption-text\">(c) Alice Piemme<\/figcaption><\/figure>\n<p>Parce qu\u2019elle n\u2019est pas en mesure de faire quoi que ce soit, tant elle semble, au-del\u00e0 du souci mollement affich\u00e9 pour ces \u00eatres \u00e0 la d\u00e9rive, avoir plus \u00ab\u00a0besoin\u00a0\u00bb d\u2019eux pour se balader entre le marteau et l\u2019enclume, faisant office de \u00ab\u00a0victimes sacrificielles\u00a0\u00bb, pouvant servir de contre-exemple, et de menace, \u00e0 tous les autres. Comme le dit Patrick Declerck, \u00ab\u00a0il n\u2019y a pas d\u2019alternative \u00e0 la normalit\u00e9, c\u2019est marche ou cr\u00e8ve\u00a0\u00bb. Il faut se soumettre \u00e0 l\u2019injonction soci\u00e9tale. Mais encore faut-il <em>pouvoir<\/em> se soumettre, c\u2019est \u00e0 dire en avoir les moyens, ou bien en payer les cons\u00e9quences, parce que, selon la doxa bien \u00e9tablie \u00ab\u00a0qui veut peut\u00a0\u00bb, et celui qui ne veut pas n\u2019a qu\u2019\u00e0 s\u2019en prendre \u00e0 lui-m\u00eame. Sauf que la volont\u00e9 n\u2019existe pas, on ne peut choisir ni d\u2019o\u00f9 vient, et si peu o\u00f9 l\u2019on va. Nous sommes le jouet des circonstances, et notre marche de man\u0153uvre est limit\u00e9e. Les syst\u00e8mes d\u2019aide aux plus d\u00e9munis reposent pourtant sur l\u2019id\u00e9e qu\u2019il faut \u00ab\u00a0m\u00e9riter\u00a0\u00bb ce qu\u2019on leur propose. Dans ce cadre Michel, John et Louise, ne peuvent, sauf exception, que se faire broyer. \u00ab\u00a0Dehors\u00a0\u00bb traite de cela. Et de la rage et du sentiment d\u2019impuissance qui peut na\u00eetre de ce constat. Il le fait avec noirceur, avec d\u00e9sillusion, mais aussi avec rythme, et non sans humour, cette politesse du d\u00e9sespoir.<\/p>\n<p><strong>Edition :<\/strong><\/p>\n<p>\u00ab\u00a0Dehors\u00a0\u00bb suivi de \u00ab\u00a0Le R\u00e9serviste\u00a0\u00bb, Lansman Editeur \/ CED-WB \/ L\u2019l, 2013 (<a href=\"http:\/\/www.lansman.org\/editions\/publication_detail.php?rec_numero=937\">plus d\u2019informations<\/a>).<\/p>\n<p><em>Les textes qui figurent dans cette \u00e9dition, \u00e9crits par Thomas Depryck pour le spectacle \u00ab\u00a0Dehors\u00a0\u00bb, con\u00e7u et mis en sc\u00e8ne par Antoine Laubin, sont n\u00e9s \u00e0 la fois des discussions dramaturgiques men\u00e9es autour du travail sc\u00e9nique, et de la lecture des textes de Patrick Declerck \u00ab\u00a0Les naufrag\u00e9s. Avec les clochards de Paris\u00a0\u00bb (Plon, 2001) et \u00ab\u00a0Le sang nouveau est arriv\u00e9\u00a0\u00bb (Gallimard, 2005). <\/em><\/p>\n<p><em>Plus pr\u00e9cis\u00e9ment, l<\/em><em>es \u00ab\u00a0questions\u00a0\u00bb qui figurent dans ce texte, sur des pages isol\u00e9es, sont issues du travail pr\u00e9paratoire men\u00e9 par Antoine Laubin (metteur en sc\u00e8ne) et Thomas Depryck (dramaturge), du travail de plateau r\u00e9alis\u00e9 par les acteurs de la production belge du spectacle (Caroline Berliner, Coraline Cl\u00e9ment, Denis Laujol, J\u00e9r\u00f4me Nayer, Herv\u00e9 Piron, Renaud Van Camp) ; les textes intitul\u00e9s \u00ab\u00a0Patrick 1\u00a0\u00bb, \u00ab\u00a0Patrick 2\u00a0\u00bb, \u00ab\u00a0Patrick 3\u00a0\u00bb et \u00ab\u00a0Les clochards\u00a0\u00bb sont issus du travail de plateau, et librement inspir\u00e9s par les \u00e9v\u00e9nements relat\u00e9s dans les textes de Patrick Declerck. <\/em><\/p>\n<p><em>Tous les autres textes figurant dans cette \u00e9dition sont le fruit de l\u2019imagination de l\u2019auteur, sur base d\u2019une conception des situations dans lesquelles ils doivent s\u2019inscrire (un banquet, une salle d\u2019autopsie, etc.), et des personnages qui y \u00e9voluent (le journaliste, la ministre, etc.), \u00e9labor\u00e9s par le metteur en sc\u00e8ne et le dramaturge.<\/em><\/p>\n<p><strong>Prix : \u00a0<\/strong><\/p>\n<p>Prix Georges Vaxelaire 2013 de l\u2019Acad\u00e9mie de langue et de litt\u00e9rature fran\u00e7aises de Belgique (<a href=\"http:\/\/www.arllfb.be\/prixlitteraires\/prixvaxelaire\/2013.html\">plus d\u2019informations<\/a>).<\/p>\n<p>Le spectacle \u00ab\u00a0Dehors\u00a0\u00bb dans la mise en sc\u00e8ne d&rsquo;Antoine Laubin a remport\u00e9 le Prix du Festival Fast Forward \u00e0 Braunschweig en 2013 (<a href=\"http:\/\/www.defacto-asbl.be\/dehors-remporte-le-prix-du-festival-international-fast-forward-braunschweig-allemagne\/\">plus d&rsquo;informations<\/a>).<\/p>\n<p><strong>Traduction (s) :<\/strong><\/p>\n<p>En Allemand, sous le titre \u00ab Drau\u00dfen \u00bb par Vo\u00df, Almuth (<a href=\"http:\/\/www.theaterstueckverlag.de\/theatertexte\/data\/theaterstueckverlag\/o_1420218887\/tsvshow\">plus d\u2019informations<\/a>).<\/p>\n<p>En Italien, par\u00a0Giulia Serafini.<\/p>\n<p><strong>Cr\u00e9ation(s) \u2013 Date(s) de repr\u00e9sentations :<\/strong><\/p>\n<ul>\n<li>par la Compagnie De Facto, mise en sc\u00e8ne d\u2019Antoine Laubin, avec Caroline Berliner, Coraline Cl\u00e9ment, \u00a0Denis Laujol, J\u00e9r\u00f4me Nayer, Herv\u00e9 Piron, Renaud Van Camp (<a href=\"http:\/\/www.defacto-asbl.be\/spectacles\/dehors\/?part_site=defacto\">plus d&rsquo;informations<\/a>) :\n<ul>\n<li>\n<div class=\"date_creation\"><span class=\"lieux\">Th\u00e9\u00e2tre de Namur (BE),<\/span>\u00a0du\u00a0<span class=\"dates\">11 au 20 octobre 2012<\/span><\/div>\n<\/li>\n<li>\n<div class=\"date_creation\">\u00a0<span class=\"lieux\">Maison de la culture de Tournai (BE),<\/span>\u00a0du <span class=\"dates\">24 au 25 octobre 2012<\/span><\/div>\n<\/li>\n<li>\n<div class=\"date_creation\">\u00a0<span class=\"lieux\">L&rsquo;l, Bruxelles (BE),<\/span>\u00a0du\u00a0<span class=\"dates\">26 au 30 mars 2013<\/span><\/div>\n<\/li>\n<li>\n<div class=\"date_tournee\"><span class=\"lieux\">Festival Impatience \/ Th\u00e9\u00e2tre du Rond-Point (Paris, FR), du<\/span>\u00a0<span class=\"dates\">24 au 25 mai 2013<\/span><\/div>\n<\/li>\n<li>\n<div class=\"date_tournee\">\u00a0<span class=\"lieux\">Festival Fast Forward \/ Staatstheater Braunschweig (DE), du<\/span>\u00a0<span class=\"dates\">22 au 23 novembre 2013<\/span><\/div>\n<\/li>\n<li>\n<div class=\"date_tournee\">\u00a0<span class=\"lieux\">Festival Premi\u00e8res \/ Le Maillon, Strasbourg (FR), du\u00a0<\/span><span class=\"dates\">7 au 8 juin 2014<\/span><\/div>\n<\/li>\n<li>\n<div class=\"date_tournee\">\u00a0<span class=\"lieux\">Sc\u00e8ne Nationale Le Merlan, Marseille (FR), du\u00a0<\/span><span class=\"dates\">13 au 14 novembre 2015<\/span><\/div>\n<\/li>\n<li>\n<div class=\"date_tournee\">\u00a0<span class=\"lieux\">Centre Wallonie-Bruxelles, Paris (FR), du<\/span>\u00a0<span class=\"dates\">17 novembre 2015<\/span><\/div>\n<\/li>\n<\/ul>\n<\/li>\n<\/ul>\n<ul>\n<li>extraits du texte dans le spectacle \u00ab\u00a0Pi\u00e8ces mont\u00e9es\u00a0\u00bb par les \u00e9tudiants du Conservatoire du 8\u00e8me Arrondissement, Paris, au Centre Wallonie-Bruxelles, Paris (FR), le 11 avril 2014 (<a href=\"http:\/\/www.cwb.fr\/programme\/pieces-montees\">plus d&rsquo;informations<\/a>).<\/li>\n<\/ul>\n<p>&nbsp;<\/p>\n<ul>\n<li>en Italien, au Festival Intercity, Florence (IT), du 6 au 8 octobre 2017.<\/li>\n<\/ul>\n<p>&nbsp;<\/p>\n","protected":false},"excerpt":{"rendered":"<p>Michel, John et Louise sont les trois figures principales qui traversent les textes de \u00ab\u00a0Dehors\u00a0\u00bb, \u00e9crits pour le spectacle \u00e9ponyme de la compagnie De Facto, mis en sc\u00e8ne par Antoine Laubin. Depuis le d\u00e9but, depuis l\u2019enfance, ils errent dans l\u2019existence, achoppant de chaos en chaos, entre mis\u00e8re et exclusion. Ce sont trois figures de la &hellip; <\/p>\n<p class=\"link-more\"><a href=\"https:\/\/thomasdepryck.be\/?page_id=90\" class=\"more-link\">Continuer la lecture<span class=\"screen-reader-text\"> de &laquo;&nbsp;dehors &#8211; synopsis &#8211; cr\u00e9dits&nbsp;&raquo;<\/span><\/a><\/p>\n","protected":false},"author":1,"featured_media":0,"parent":0,"menu_order":0,"comment_status":"closed","ping_status":"closed","template":"","meta":[],"yoast_head":"<!-- This site is optimized with the Yoast SEO plugin v18.2 - https:\/\/yoast.com\/wordpress\/plugins\/seo\/ -->\n<title>dehors - synopsis - cr\u00e9dits - thomas depryck<\/title>\n<meta name=\"robots\" content=\"index, follow, max-snippet:-1, max-image-preview:large, max-video-preview:-1\" \/>\n<link rel=\"canonical\" href=\"https:\/\/thomasdepryck.be\/?page_id=90\" \/>\n<meta property=\"og:locale\" content=\"fr_FR\" \/>\n<meta property=\"og:type\" content=\"article\" \/>\n<meta property=\"og:title\" content=\"dehors - synopsis - cr\u00e9dits - thomas depryck\" \/>\n<meta property=\"og:description\" content=\"Michel, John et Louise sont les trois figures principales qui traversent les textes de \u00ab\u00a0Dehors\u00a0\u00bb, \u00e9crits pour le spectacle \u00e9ponyme de la compagnie De Facto, mis en sc\u00e8ne par Antoine Laubin. Depuis le d\u00e9but, depuis l\u2019enfance, ils errent dans l\u2019existence, achoppant de chaos en chaos, entre mis\u00e8re et exclusion. Ce sont trois figures de la &hellip; Continuer la lecture de &laquo;&nbsp;dehors &#8211; synopsis &#8211; cr\u00e9dits&nbsp;&raquo;\" \/>\n<meta property=\"og:url\" content=\"https:\/\/thomasdepryck.be\/?page_id=90\" \/>\n<meta property=\"og:site_name\" content=\"thomas depryck\" \/>\n<meta property=\"article:modified_time\" content=\"2017-09-09T11:58:26+00:00\" \/>\n<meta property=\"og:image\" content=\"http:\/\/thomasdepryck.be\/wp-content\/uploads\/2017\/09\/Dehors-1.7-300x200.jpg\" \/>\n<meta name=\"twitter:card\" content=\"summary\" \/>\n<meta name=\"twitter:label1\" content=\"Dur\u00e9e de lecture estim\u00e9e\" \/>\n\t<meta name=\"twitter:data1\" content=\"4 minutes\" \/>\n<script type=\"application\/ld+json\" class=\"yoast-schema-graph\">{\"@context\":\"https:\/\/schema.org\",\"@graph\":[{\"@type\":\"WebSite\",\"@id\":\"https:\/\/thomasdepryck.be\/#website\",\"url\":\"https:\/\/thomasdepryck.be\/\",\"name\":\"thomas depryck\",\"description\":\"auteur &amp; dramaturge\",\"potentialAction\":[{\"@type\":\"SearchAction\",\"target\":{\"@type\":\"EntryPoint\",\"urlTemplate\":\"https:\/\/thomasdepryck.be\/?s={search_term_string}\"},\"query-input\":\"required name=search_term_string\"}],\"inLanguage\":\"fr-FR\"},{\"@type\":\"ImageObject\",\"@id\":\"https:\/\/thomasdepryck.be\/?page_id=90#primaryimage\",\"inLanguage\":\"fr-FR\",\"url\":\"http:\/\/thomasdepryck.be\/wp-content\/uploads\/2017\/09\/Dehors-1.7-300x200.jpg\",\"contentUrl\":\"http:\/\/thomasdepryck.be\/wp-content\/uploads\/2017\/09\/Dehors-1.7-300x200.jpg\"},{\"@type\":\"WebPage\",\"@id\":\"https:\/\/thomasdepryck.be\/?page_id=90#webpage\",\"url\":\"https:\/\/thomasdepryck.be\/?page_id=90\",\"name\":\"dehors - synopsis - cr\u00e9dits - thomas depryck\",\"isPartOf\":{\"@id\":\"https:\/\/thomasdepryck.be\/#website\"},\"primaryImageOfPage\":{\"@id\":\"https:\/\/thomasdepryck.be\/?page_id=90#primaryimage\"},\"datePublished\":\"2017-09-09T11:13:39+00:00\",\"dateModified\":\"2017-09-09T11:58:26+00:00\",\"breadcrumb\":{\"@id\":\"https:\/\/thomasdepryck.be\/?page_id=90#breadcrumb\"},\"inLanguage\":\"fr-FR\",\"potentialAction\":[{\"@type\":\"ReadAction\",\"target\":[\"https:\/\/thomasdepryck.be\/?page_id=90\"]}]},{\"@type\":\"BreadcrumbList\",\"@id\":\"https:\/\/thomasdepryck.be\/?page_id=90#breadcrumb\",\"itemListElement\":[{\"@type\":\"ListItem\",\"position\":1,\"name\":\"Accueil\",\"item\":\"https:\/\/thomasdepryck.be\/\"},{\"@type\":\"ListItem\",\"position\":2,\"name\":\"dehors &#8211; synopsis &#8211; cr\u00e9dits\"}]}]}<\/script>\n<!-- \/ Yoast SEO plugin. -->","yoast_head_json":{"title":"dehors - synopsis - cr\u00e9dits - thomas depryck","robots":{"index":"index","follow":"follow","max-snippet":"max-snippet:-1","max-image-preview":"max-image-preview:large","max-video-preview":"max-video-preview:-1"},"canonical":"https:\/\/thomasdepryck.be\/?page_id=90","og_locale":"fr_FR","og_type":"article","og_title":"dehors - synopsis - cr\u00e9dits - thomas depryck","og_description":"Michel, John et Louise sont les trois figures principales qui traversent les textes de \u00ab\u00a0Dehors\u00a0\u00bb, \u00e9crits pour le spectacle \u00e9ponyme de la compagnie De Facto, mis en sc\u00e8ne par Antoine Laubin. Depuis le d\u00e9but, depuis l\u2019enfance, ils errent dans l\u2019existence, achoppant de chaos en chaos, entre mis\u00e8re et exclusion. Ce sont trois figures de la &hellip; Continuer la lecture de &laquo;&nbsp;dehors &#8211; synopsis &#8211; cr\u00e9dits&nbsp;&raquo;","og_url":"https:\/\/thomasdepryck.be\/?page_id=90","og_site_name":"thomas depryck","article_modified_time":"2017-09-09T11:58:26+00:00","og_image":[{"url":"http:\/\/thomasdepryck.be\/wp-content\/uploads\/2017\/09\/Dehors-1.7-300x200.jpg"}],"twitter_card":"summary","twitter_misc":{"Dur\u00e9e de lecture estim\u00e9e":"4 minutes"},"schema":{"@context":"https:\/\/schema.org","@graph":[{"@type":"WebSite","@id":"https:\/\/thomasdepryck.be\/#website","url":"https:\/\/thomasdepryck.be\/","name":"thomas depryck","description":"auteur &amp; dramaturge","potentialAction":[{"@type":"SearchAction","target":{"@type":"EntryPoint","urlTemplate":"https:\/\/thomasdepryck.be\/?s={search_term_string}"},"query-input":"required name=search_term_string"}],"inLanguage":"fr-FR"},{"@type":"ImageObject","@id":"https:\/\/thomasdepryck.be\/?page_id=90#primaryimage","inLanguage":"fr-FR","url":"http:\/\/thomasdepryck.be\/wp-content\/uploads\/2017\/09\/Dehors-1.7-300x200.jpg","contentUrl":"http:\/\/thomasdepryck.be\/wp-content\/uploads\/2017\/09\/Dehors-1.7-300x200.jpg"},{"@type":"WebPage","@id":"https:\/\/thomasdepryck.be\/?page_id=90#webpage","url":"https:\/\/thomasdepryck.be\/?page_id=90","name":"dehors - synopsis - cr\u00e9dits - thomas depryck","isPartOf":{"@id":"https:\/\/thomasdepryck.be\/#website"},"primaryImageOfPage":{"@id":"https:\/\/thomasdepryck.be\/?page_id=90#primaryimage"},"datePublished":"2017-09-09T11:13:39+00:00","dateModified":"2017-09-09T11:58:26+00:00","breadcrumb":{"@id":"https:\/\/thomasdepryck.be\/?page_id=90#breadcrumb"},"inLanguage":"fr-FR","potentialAction":[{"@type":"ReadAction","target":["https:\/\/thomasdepryck.be\/?page_id=90"]}]},{"@type":"BreadcrumbList","@id":"https:\/\/thomasdepryck.be\/?page_id=90#breadcrumb","itemListElement":[{"@type":"ListItem","position":1,"name":"Accueil","item":"https:\/\/thomasdepryck.be\/"},{"@type":"ListItem","position":2,"name":"dehors &#8211; synopsis &#8211; cr\u00e9dits"}]}]}},"_links":{"self":[{"href":"https:\/\/thomasdepryck.be\/index.php?rest_route=\/wp\/v2\/pages\/90"}],"collection":[{"href":"https:\/\/thomasdepryck.be\/index.php?rest_route=\/wp\/v2\/pages"}],"about":[{"href":"https:\/\/thomasdepryck.be\/index.php?rest_route=\/wp\/v2\/types\/page"}],"author":[{"embeddable":true,"href":"https:\/\/thomasdepryck.be\/index.php?rest_route=\/wp\/v2\/users\/1"}],"replies":[{"embeddable":true,"href":"https:\/\/thomasdepryck.be\/index.php?rest_route=%2Fwp%2Fv2%2Fcomments&post=90"}],"version-history":[{"count":10,"href":"https:\/\/thomasdepryck.be\/index.php?rest_route=\/wp\/v2\/pages\/90\/revisions"}],"predecessor-version":[{"id":102,"href":"https:\/\/thomasdepryck.be\/index.php?rest_route=\/wp\/v2\/pages\/90\/revisions\/102"}],"wp:attachment":[{"href":"https:\/\/thomasdepryck.be\/index.php?rest_route=%2Fwp%2Fv2%2Fmedia&parent=90"}],"curies":[{"name":"wp","href":"https:\/\/api.w.org\/{rel}","templated":true}]}}