{"id":63,"date":"2017-09-09T11:03:55","date_gmt":"2017-09-09T09:03:55","guid":{"rendered":"http:\/\/thomasdepryck.be\/?page_id=63"},"modified":"2017-09-09T14:10:11","modified_gmt":"2017-09-09T12:10:11","slug":"ballade-en-mondes-mineurs","status":"publish","type":"page","link":"https:\/\/thomasdepryck.be\/?page_id=63","title":{"rendered":"ballade en mondes mineurs &#8211; synopsis &#8211; cr\u00e9dits"},"content":{"rendered":"<p>(Texte co-\u00e9crit avec Julien Moulard).<\/p>\n<figure id=\"attachment_64\" aria-describedby=\"caption-attachment-64\" style=\"width: 300px\" class=\"wp-caption alignleft\"><img loading=\"lazy\" class=\"wp-image-64 size-medium\" style=\"font-size: 1rem;\" src=\"https:\/\/thomasdepryck.be\/wp-content\/uploads\/2017\/09\/photo-ballade-300x291.jpg\" alt=\"\" width=\"300\" height=\"291\" srcset=\"https:\/\/thomasdepryck.be\/wp-content\/uploads\/2017\/09\/photo-ballade-300x291.jpg 300w, https:\/\/thomasdepryck.be\/wp-content\/uploads\/2017\/09\/photo-ballade.jpg 495w\" sizes=\"(max-width: 300px) 100vw, 300px\" \/><figcaption id=\"caption-attachment-64\" class=\"wp-caption-text\">(c) Julien Moulard<\/figcaption><\/figure>\n<p>Un homme se prom\u00e8ne dans les rues d\u2019une grande ville en qu\u00eate d\u2019un \u00e9v\u00e9nement in\u00e9dit. Une catastrophe, un accident, un attentat, un meurtre de masse. Cette grande ville, c\u2019est Bruxelles, mais \u00e7a pourrait \u00eatre une autre. A la fois fascin\u00e9 par ce que le pire peut donner comme spectacle exceptionnel, attir\u00e9 par l\u2019adr\u00e9naline qui peut na\u00eetre dans l\u2019attente parano\u00efaque d\u2019une sensation forte, et contamin\u00e9 par une ambiance oppressante, l\u2019homme de ce r\u00e9cit parcours la ville en tous sens, constatant qu\u2019aucun endroit, aussi anodin paraisse-t-il, n\u2019est potentiellement anodin, pour autant que quelque chose y advienne. Le dan<span style=\"font-size: 1rem;\">ger, r\u00e9el ou fantasm\u00e9, est toujours au coin de la rue, l\u2019insouciance n\u2019est pas (plus\u00a0?) au rendez-vous, nous vivons dans l\u2019attente de l\u2019\u00e9v\u00e9nement. C\u2019est une sorte de maladie. Elle s\u2019empare de la ville. D\u2019ailleurs, les gens commencent \u00e0 se sentir mal, \u00e0 \u00e9touffer, \u00e0 mourir les uns apr\u00e8s les autres. Les cadavres s\u2019accumulent dans les rues, les administrations et les \u00e9coles ferment. En parall\u00e8le des r\u00e9cits d\u2019attentats commis dans les grandes villes occidentales viennent s\u2019accumuler comme autant de sympt\u00f4mes d\u2019un monde malade. Munis d\u2019un Glock, notre homme continue ses d\u00e9ambulations, constant que rien ne se passe, sauf la maladie, et lui-m\u00eame, d\u00e9sormais n\u2019en m\u00e8ne pas large. \u00ab\u00a0Ballade en mondes mineurs\u00a0\u00bb, sous forme d\u2019un r\u00e9cit \u00e0 l\u2019humour noir, de l\u2019angoisse de vivre dans une ville et un monde sans cesse soumis \u00e0 la menace, quelle qu\u2019elle soit.<\/span><\/p>\n<p><strong>Edition :<\/strong><\/p>\n<p>\u00ab\u00a0Ballade en mondes mineurs\u00a0\u00bb, Thomas Depryck &amp; Julien Moulard, Maelstrom, Bookleg (coll. Bruxelles se conte, 15), 2010.<\/p>\n","protected":false},"excerpt":{"rendered":"<p>(Texte co-\u00e9crit avec Julien Moulard). Un homme se prom\u00e8ne dans les rues d\u2019une grande ville en qu\u00eate d\u2019un \u00e9v\u00e9nement in\u00e9dit. Une catastrophe, un accident, un attentat, un meurtre de masse. Cette grande ville, c\u2019est Bruxelles, mais \u00e7a pourrait \u00eatre une autre. A la fois fascin\u00e9 par ce que le pire peut donner comme spectacle exceptionnel, &hellip; <\/p>\n<p class=\"link-more\"><a href=\"https:\/\/thomasdepryck.be\/?page_id=63\" class=\"more-link\">Continuer la lecture<span class=\"screen-reader-text\"> de &laquo;&nbsp;ballade en mondes mineurs &#8211; synopsis &#8211; cr\u00e9dits&nbsp;&raquo;<\/span><\/a><\/p>\n","protected":false},"author":1,"featured_media":0,"parent":0,"menu_order":0,"comment_status":"closed","ping_status":"closed","template":"","meta":[],"yoast_head":"<!-- This site is optimized with the Yoast SEO plugin v18.2 - https:\/\/yoast.com\/wordpress\/plugins\/seo\/ -->\n<title>ballade en mondes mineurs - synopsis - cr\u00e9dits - thomas depryck<\/title>\n<meta name=\"robots\" content=\"index, follow, max-snippet:-1, max-image-preview:large, max-video-preview:-1\" \/>\n<link rel=\"canonical\" href=\"https:\/\/thomasdepryck.be\/?page_id=63\" \/>\n<meta property=\"og:locale\" content=\"fr_FR\" \/>\n<meta property=\"og:type\" content=\"article\" \/>\n<meta property=\"og:title\" content=\"ballade en mondes mineurs - synopsis - cr\u00e9dits - thomas depryck\" \/>\n<meta property=\"og:description\" content=\"(Texte co-\u00e9crit avec Julien Moulard). Un homme se prom\u00e8ne dans les rues d\u2019une grande ville en qu\u00eate d\u2019un \u00e9v\u00e9nement in\u00e9dit. Une catastrophe, un accident, un attentat, un meurtre de masse. Cette grande ville, c\u2019est Bruxelles, mais \u00e7a pourrait \u00eatre une autre. A la fois fascin\u00e9 par ce que le pire peut donner comme spectacle exceptionnel, &hellip; Continuer la lecture de &laquo;&nbsp;ballade en mondes mineurs &#8211; synopsis &#8211; cr\u00e9dits&nbsp;&raquo;\" \/>\n<meta property=\"og:url\" content=\"https:\/\/thomasdepryck.be\/?page_id=63\" \/>\n<meta property=\"og:site_name\" content=\"thomas depryck\" \/>\n<meta property=\"article:modified_time\" content=\"2017-09-09T12:10:11+00:00\" \/>\n<meta property=\"og:image\" content=\"http:\/\/thomasdepryck.be\/wp-content\/uploads\/2017\/09\/photo-ballade-300x291.jpg\" \/>\n<meta name=\"twitter:card\" content=\"summary\" \/>\n<meta name=\"twitter:label1\" content=\"Dur\u00e9e de lecture estim\u00e9e\" \/>\n\t<meta name=\"twitter:data1\" content=\"2 minutes\" \/>\n<script type=\"application\/ld+json\" class=\"yoast-schema-graph\">{\"@context\":\"https:\/\/schema.org\",\"@graph\":[{\"@type\":\"WebSite\",\"@id\":\"https:\/\/thomasdepryck.be\/#website\",\"url\":\"https:\/\/thomasdepryck.be\/\",\"name\":\"thomas depryck\",\"description\":\"auteur &amp; dramaturge\",\"potentialAction\":[{\"@type\":\"SearchAction\",\"target\":{\"@type\":\"EntryPoint\",\"urlTemplate\":\"https:\/\/thomasdepryck.be\/?s={search_term_string}\"},\"query-input\":\"required name=search_term_string\"}],\"inLanguage\":\"fr-FR\"},{\"@type\":\"ImageObject\",\"@id\":\"https:\/\/thomasdepryck.be\/?page_id=63#primaryimage\",\"inLanguage\":\"fr-FR\",\"url\":\"http:\/\/thomasdepryck.be\/wp-content\/uploads\/2017\/09\/photo-ballade-300x291.jpg\",\"contentUrl\":\"http:\/\/thomasdepryck.be\/wp-content\/uploads\/2017\/09\/photo-ballade-300x291.jpg\"},{\"@type\":\"WebPage\",\"@id\":\"https:\/\/thomasdepryck.be\/?page_id=63#webpage\",\"url\":\"https:\/\/thomasdepryck.be\/?page_id=63\",\"name\":\"ballade en mondes mineurs - synopsis - cr\u00e9dits - thomas depryck\",\"isPartOf\":{\"@id\":\"https:\/\/thomasdepryck.be\/#website\"},\"primaryImageOfPage\":{\"@id\":\"https:\/\/thomasdepryck.be\/?page_id=63#primaryimage\"},\"datePublished\":\"2017-09-09T09:03:55+00:00\",\"dateModified\":\"2017-09-09T12:10:11+00:00\",\"breadcrumb\":{\"@id\":\"https:\/\/thomasdepryck.be\/?page_id=63#breadcrumb\"},\"inLanguage\":\"fr-FR\",\"potentialAction\":[{\"@type\":\"ReadAction\",\"target\":[\"https:\/\/thomasdepryck.be\/?page_id=63\"]}]},{\"@type\":\"BreadcrumbList\",\"@id\":\"https:\/\/thomasdepryck.be\/?page_id=63#breadcrumb\",\"itemListElement\":[{\"@type\":\"ListItem\",\"position\":1,\"name\":\"Accueil\",\"item\":\"https:\/\/thomasdepryck.be\/\"},{\"@type\":\"ListItem\",\"position\":2,\"name\":\"ballade en mondes mineurs &#8211; synopsis &#8211; cr\u00e9dits\"}]}]}<\/script>\n<!-- \/ Yoast SEO plugin. -->","yoast_head_json":{"title":"ballade en mondes mineurs - synopsis - cr\u00e9dits - thomas depryck","robots":{"index":"index","follow":"follow","max-snippet":"max-snippet:-1","max-image-preview":"max-image-preview:large","max-video-preview":"max-video-preview:-1"},"canonical":"https:\/\/thomasdepryck.be\/?page_id=63","og_locale":"fr_FR","og_type":"article","og_title":"ballade en mondes mineurs - synopsis - cr\u00e9dits - thomas depryck","og_description":"(Texte co-\u00e9crit avec Julien Moulard). Un homme se prom\u00e8ne dans les rues d\u2019une grande ville en qu\u00eate d\u2019un \u00e9v\u00e9nement in\u00e9dit. Une catastrophe, un accident, un attentat, un meurtre de masse. Cette grande ville, c\u2019est Bruxelles, mais \u00e7a pourrait \u00eatre une autre. A la fois fascin\u00e9 par ce que le pire peut donner comme spectacle exceptionnel, &hellip; Continuer la lecture de &laquo;&nbsp;ballade en mondes mineurs &#8211; synopsis &#8211; cr\u00e9dits&nbsp;&raquo;","og_url":"https:\/\/thomasdepryck.be\/?page_id=63","og_site_name":"thomas depryck","article_modified_time":"2017-09-09T12:10:11+00:00","og_image":[{"url":"http:\/\/thomasdepryck.be\/wp-content\/uploads\/2017\/09\/photo-ballade-300x291.jpg"}],"twitter_card":"summary","twitter_misc":{"Dur\u00e9e de lecture estim\u00e9e":"2 minutes"},"schema":{"@context":"https:\/\/schema.org","@graph":[{"@type":"WebSite","@id":"https:\/\/thomasdepryck.be\/#website","url":"https:\/\/thomasdepryck.be\/","name":"thomas depryck","description":"auteur &amp; dramaturge","potentialAction":[{"@type":"SearchAction","target":{"@type":"EntryPoint","urlTemplate":"https:\/\/thomasdepryck.be\/?s={search_term_string}"},"query-input":"required name=search_term_string"}],"inLanguage":"fr-FR"},{"@type":"ImageObject","@id":"https:\/\/thomasdepryck.be\/?page_id=63#primaryimage","inLanguage":"fr-FR","url":"http:\/\/thomasdepryck.be\/wp-content\/uploads\/2017\/09\/photo-ballade-300x291.jpg","contentUrl":"http:\/\/thomasdepryck.be\/wp-content\/uploads\/2017\/09\/photo-ballade-300x291.jpg"},{"@type":"WebPage","@id":"https:\/\/thomasdepryck.be\/?page_id=63#webpage","url":"https:\/\/thomasdepryck.be\/?page_id=63","name":"ballade en mondes mineurs - synopsis - cr\u00e9dits - thomas depryck","isPartOf":{"@id":"https:\/\/thomasdepryck.be\/#website"},"primaryImageOfPage":{"@id":"https:\/\/thomasdepryck.be\/?page_id=63#primaryimage"},"datePublished":"2017-09-09T09:03:55+00:00","dateModified":"2017-09-09T12:10:11+00:00","breadcrumb":{"@id":"https:\/\/thomasdepryck.be\/?page_id=63#breadcrumb"},"inLanguage":"fr-FR","potentialAction":[{"@type":"ReadAction","target":["https:\/\/thomasdepryck.be\/?page_id=63"]}]},{"@type":"BreadcrumbList","@id":"https:\/\/thomasdepryck.be\/?page_id=63#breadcrumb","itemListElement":[{"@type":"ListItem","position":1,"name":"Accueil","item":"https:\/\/thomasdepryck.be\/"},{"@type":"ListItem","position":2,"name":"ballade en mondes mineurs &#8211; synopsis &#8211; cr\u00e9dits"}]}]}},"_links":{"self":[{"href":"https:\/\/thomasdepryck.be\/index.php?rest_route=\/wp\/v2\/pages\/63"}],"collection":[{"href":"https:\/\/thomasdepryck.be\/index.php?rest_route=\/wp\/v2\/pages"}],"about":[{"href":"https:\/\/thomasdepryck.be\/index.php?rest_route=\/wp\/v2\/types\/page"}],"author":[{"embeddable":true,"href":"https:\/\/thomasdepryck.be\/index.php?rest_route=\/wp\/v2\/users\/1"}],"replies":[{"embeddable":true,"href":"https:\/\/thomasdepryck.be\/index.php?rest_route=%2Fwp%2Fv2%2Fcomments&post=63"}],"version-history":[{"count":3,"href":"https:\/\/thomasdepryck.be\/index.php?rest_route=\/wp\/v2\/pages\/63\/revisions"}],"predecessor-version":[{"id":109,"href":"https:\/\/thomasdepryck.be\/index.php?rest_route=\/wp\/v2\/pages\/63\/revisions\/109"}],"wp:attachment":[{"href":"https:\/\/thomasdepryck.be\/index.php?rest_route=%2Fwp%2Fv2%2Fmedia&parent=63"}],"curies":[{"name":"wp","href":"https:\/\/api.w.org\/{rel}","templated":true}]}}