{"id":45,"date":"2017-09-09T10:18:13","date_gmt":"2017-09-09T08:18:13","guid":{"rendered":"http:\/\/thomasdepryck.be\/?page_id=45"},"modified":"2017-09-09T15:57:33","modified_gmt":"2017-09-09T13:57:33","slug":"le-reserviste","status":"publish","type":"page","link":"https:\/\/thomasdepryck.be\/?page_id=45","title":{"rendered":"le r\u00e9serviste &#8211; synopsis &#8211; cr\u00e9dits"},"content":{"rendered":"<p>\u00ab\u00a0Le R\u00e9serviste\u00a0\u00bb est l\u2019histoire d\u2019un type qui tente de jouer autrement au \u00ab\u00a0jeu de l\u2019emploi\u00a0\u00bb absurde (et inepte\u00a0?) qu\u2019on nous propose et nous impose depuis des d\u00e9cennies (voir plus), c\u2019est \u00e0 dire, en le prenant \u00e0 revers. Ch\u00f4meur, il veut bien prendr<img loading=\"lazy\" class=\"size-medium wp-image-35 alignleft\" style=\"font-size: 1rem;\" src=\"https:\/\/thomasdepryck.be\/wp-content\/uploads\/2017\/09\/DSC00917-300x225.jpg\" alt=\"\" width=\"300\" height=\"225\" srcset=\"https:\/\/thomasdepryck.be\/wp-content\/uploads\/2017\/09\/DSC00917-300x225.jpg 300w, https:\/\/thomasdepryck.be\/wp-content\/uploads\/2017\/09\/DSC00917.jpg 640w\" sizes=\"(max-width: 300px) 100vw, 300px\" \/><span style=\"font-size: 1rem;\">e un emploi, mais pas n\u2019importe lequel. \u00ab\u00a0Le R\u00e9serviste\u00a0\u00bb ne veut pas se soumettre au f\u00e9tichisme du travail qui sert de charpente \u00e0 notre soci\u00e9t\u00e9. Il se met \u00ab\u00a0en r\u00e9serve\u00a0\u00bb. Il veut pourvoir boire, manger, regarder la t\u00e9l\u00e9, aller au concert, faire la f\u00eate, lire, en attendant de trouver le job qui lui correspond, sans faire semblant de chercher quelque chose qui n\u2019existe pas. Il est un fain\u00e9a<\/span><span style=\"font-size: 1rem;\">nt qui s\u2019assume ou presque, et en \u00e7a, une v\u00e9ritable opposition \u00e0 un syst\u00e8me qui voue un culte \u00e0 l\u2019activit\u00e9 quelle qu\u2019elle soit, et ne supporte pas que l\u2019on ne fasse rien. Il faut \u00eatre \u00ab\u00a0productif\u00a0\u00bb en tout et tout le temps, l\u2019oisivet\u00e9 est encore consid\u00e9r\u00e9e comme un vice \u00e0 combattre. Le choix n\u2019existe pour beaucoup de gens qu\u2019entre l\u2019inactivit\u00e9 forc\u00e9e et culpabilisante du ch\u00f4meur et une activit\u00e9 souvent abrutissante et d\u00e9bilitante du travailleur peu qualifi\u00e9 ou sous employ\u00e9. Ceux qui tentent une alternative, qui se mettent volontairement dans la r\u00e9serve, seront t\u00f4t ou tard broy\u00e9s par le syst\u00e8me. S\u2019opposer au syst\u00e8me, proposer autre chose et se d\u00e9mener pour y arriver, c\u2019est fatiguant, et on risque de s\u2019y briser les reins. Le R\u00e9serviste, sorte de Don Quichotte en lutte contre les moulins de la bureaucratie des bureaux de l\u2019emploi, est un personnage dans la veine des Oblomov et Bartleby, un de ces grands paresseux qu\u2019on aime et qu\u2019on d\u00e9teste, qui allie un humour rageur \u00e0 une mauvaise fois salutaire dans un combat perdu d\u2019avance, mais qui est tellement jouissif de tenter quand m\u00eame.<\/span><\/p>\n<p><strong>Edition :<\/strong><\/p>\n<p>\u00ab\u00a0Dehors\u00a0\u00bb suivi de \u00ab\u00a0Le R\u00e9serviste\u00a0\u00bb, Lansman Editeur \/ CED-WB \/ L&rsquo;l, 2013 (<a href=\"http:\/\/www.lansman.org\/editions\/publication_detail.php?rec_numero=937\">plus d&rsquo;informations)<\/a><\/p>\n<p><strong>Prix : \u00a0<\/strong><\/p>\n<p>Prix Georges Vaxelaire 2013 de l&rsquo;Acad\u00e9mie de langue et de litt\u00e9rature fran\u00e7aises de Belgique (<a href=\"http:\/\/www.arllfb.be\/prixlitteraires\/prixvaxelaire\/2013.html\">plus d&rsquo;informations<\/a>)<\/p>\n<p>Prix Tournesol 2015, dans le cadre du Festival Off d&rsquo;Avignon.<\/p>\n<p>Prix de l&rsquo;auteur international au Heidelberger St\u00fcckemarkt en 2016 (<a href=\"https:\/\/www.rtbf.be\/culture\/scene\/detail_thomas-depryck-prix-de-l-auteur-international-a-l-heidelberger-stuckemarkt?id=9296139\">plus d&rsquo;informations<\/a>)<\/p>\n<p><strong>Traduction (s) :<\/strong><\/p>\n<p>En allemand \u00a0: sous le titre \u00ab\u00a0Der reservist\u00a0\u00bb par Frank Weigand (<a href=\"http:\/\/www.theaterstueckverlag.de\/theatertexte\/data\/theaterstueckverlag\/o_534322910\/tsvshow\">plus d&rsquo;informations<\/a>).<\/p>\n<p><strong>Cr\u00e9ation(s) &#8211; Date(s) de repr\u00e9sentations :<\/strong><\/p>\n<ul>\n<li>par la Compagnie De Facto, mise en sc\u00e8ne d&rsquo;Antoine Laubin, avec Ang\u00e8le Baux, Baptiste Sornin et Renaud Van Camp (<a href=\"http:\/\/www.defacto-asbl.be\/spectacles\/le-reserviste\/\">plus d&rsquo;informations<\/a>) :\n<ul>\n<li>\n<div class=\"date_creation\"><span class=\"lieux\">Festival XS, Th\u00e9\u00e2tre National, Bruxelles (BE), du<\/span>\u00a0<span class=\"dates\">7 au 9 mars 2013<\/span><\/div>\n<\/li>\n<li>\n<div class=\"date_creation\">\u00a0<span class=\"lieux\">Maison de quartier Malibran, Bruxelles (BE) du <\/span>\u00a0<span class=\"dates\">27 au 30 mars 2013<\/span><\/div>\n<\/li>\n<li><span class=\"lieux\">Intime Festival, Th\u00e9\u00e2tre de Namur (BE), le<\/span>\u00a0<span class=\"dates\">31 ao\u00fbt 2013<\/span><\/li>\n<li>\n<div class=\"date_creation\"><span class=\"lieux\">Th\u00e9\u00e2tre de la Vie, Bruxelles (BE), du<\/span>\u00a0<span class=\"dates\">3 au 14 f\u00e9vrier 2015<\/span><\/div>\n<\/li>\n<li>\n<div class=\"date_creation\"><span class=\"lieux\">Th\u00e9\u00e2tre des Doms, Festival Off d&rsquo;Avignon (FR), du\u00a0<\/span><span class=\"dates\">5 au 26 juillet 2015<\/span><\/div>\n<\/li>\n<li>\n<div class=\"date_creation\">\u00a0<span class=\"lieux\">Centre culturel les Chiroux, Li\u00e8ge (BE), le\u00a0<\/span><span class=\"dates\">18 f\u00e9vrier 2016<\/span><\/div>\n<\/li>\n<li>\n<div class=\"date_tournee\">\u00a0<span class=\"lieux\">Centre culturel Ren\u00e9 Magritte, Lessine (BE), le\u00a0<\/span><span class=\"dates\">20 f\u00e9vrier 2016<\/span><\/div>\n<\/li>\n<li>\n<div class=\"date_tournee\">\u00a0<span class=\"lieux\">Dieppe, Sc\u00e8ne nationale (FR), le<\/span>\u00a0<span class=\"dates\">12 janvier 2017<\/span><\/div>\n<\/li>\n<li>\n<div class=\"date_tournee\">\u00a0<span class=\"lieux\">Th\u00e9\u00e2tre de Saint-Omer (FR) le<\/span>\u00a0<span class=\"dates\">14 janvier 2017<\/span><\/div>\n<\/li>\n<li>\n<div class=\"date_tournee\">\u00a0<span class=\"lieux\">Th\u00e9\u00e2tre de Namur (BE) du\u00a0<\/span>\u00a0<span class=\"dates\">19 au 25 janvier 2017<\/span><\/div>\n<\/li>\n<\/ul>\n<\/li>\n<\/ul>\n<ul>\n<li>par le TiG7 \u00e0 Mannheim, en Allemand (trad. de Frank Weigand), mise en sc\u00e8ne de Inka Neuber, avec Hanna Gandor, Vincenzo Tatti, Jo Schmitt (<a href=\"http:\/\/tig7.de\/?p=6959\">plus d&rsquo;informations<\/a>) :\n<ul>\n<li>du 27 octobre au 11 novembre 2016 et du 10 au 25 f\u00e9vrier 2017<\/li>\n<\/ul>\n<\/li>\n<\/ul>\n<ul>\n<li>par la Compagnie A(.), mise en sc\u00e8ne d&rsquo;Alice Gozlan, avec Julia de Reyke, Melissa Irma, Zacharie Lorent (<a href=\"https:\/\/www.facebook.com\/lacompagnieapoint\/\">plus d&rsquo;informations<\/a>) :\n<ul>\n<li>Anis Gras, Le lieu de l&rsquo;autre, Paris (Arcueil, FR), du 28 au 30 septembre 2017.<\/li>\n<\/ul>\n<\/li>\n<\/ul>\n<ul>\n<li>au Theater Aachen, en Allemand (trad. de Frank Weigand), mise en sc\u00e8ne de Ulrike G\u00fcnther, les 11 et 17 mai 2018 (<a href=\"http:\/\/theateraachen.de\/index.php?page=detail_event&amp;id_event_date=14732300\">plus d&rsquo;informations<\/a>).<\/li>\n<\/ul>\n<p>&nbsp;<\/p>\n","protected":false},"excerpt":{"rendered":"<p>\u00ab\u00a0Le R\u00e9serviste\u00a0\u00bb est l\u2019histoire d\u2019un type qui tente de jouer autrement au \u00ab\u00a0jeu de l\u2019emploi\u00a0\u00bb absurde (et inepte\u00a0?) qu\u2019on nous propose et nous impose depuis des d\u00e9cennies (voir plus), c\u2019est \u00e0 dire, en le prenant \u00e0 revers. Ch\u00f4meur, il veut bien prendre un emploi, mais pas n\u2019importe lequel. \u00ab\u00a0Le R\u00e9serviste\u00a0\u00bb ne veut pas se soumettre &hellip; <\/p>\n<p class=\"link-more\"><a href=\"https:\/\/thomasdepryck.be\/?page_id=45\" class=\"more-link\">Continuer la lecture<span class=\"screen-reader-text\"> de &laquo;&nbsp;le r\u00e9serviste &#8211; synopsis &#8211; cr\u00e9dits&nbsp;&raquo;<\/span><\/a><\/p>\n","protected":false},"author":1,"featured_media":0,"parent":0,"menu_order":0,"comment_status":"closed","ping_status":"closed","template":"","meta":[],"yoast_head":"<!-- This site is optimized with the Yoast SEO plugin v18.2 - https:\/\/yoast.com\/wordpress\/plugins\/seo\/ -->\n<title>le r\u00e9serviste - synopsis - cr\u00e9dits - thomas depryck<\/title>\n<meta name=\"robots\" content=\"index, follow, max-snippet:-1, max-image-preview:large, max-video-preview:-1\" \/>\n<link rel=\"canonical\" href=\"https:\/\/thomasdepryck.be\/?page_id=45\" \/>\n<meta property=\"og:locale\" content=\"fr_FR\" \/>\n<meta property=\"og:type\" content=\"article\" \/>\n<meta property=\"og:title\" content=\"le r\u00e9serviste - synopsis - cr\u00e9dits - thomas depryck\" \/>\n<meta property=\"og:description\" content=\"\u00ab\u00a0Le R\u00e9serviste\u00a0\u00bb est l\u2019histoire d\u2019un type qui tente de jouer autrement au \u00ab\u00a0jeu de l\u2019emploi\u00a0\u00bb absurde (et inepte\u00a0?) qu\u2019on nous propose et nous impose depuis des d\u00e9cennies (voir plus), c\u2019est \u00e0 dire, en le prenant \u00e0 revers. Ch\u00f4meur, il veut bien prendre un emploi, mais pas n\u2019importe lequel. \u00ab\u00a0Le R\u00e9serviste\u00a0\u00bb ne veut pas se soumettre &hellip; Continuer la lecture de &laquo;&nbsp;le r\u00e9serviste &#8211; synopsis &#8211; cr\u00e9dits&nbsp;&raquo;\" \/>\n<meta property=\"og:url\" content=\"https:\/\/thomasdepryck.be\/?page_id=45\" \/>\n<meta property=\"og:site_name\" content=\"thomas depryck\" \/>\n<meta property=\"article:modified_time\" content=\"2017-09-09T13:57:33+00:00\" \/>\n<meta property=\"og:image\" content=\"http:\/\/thomasdepryck.be\/wp-content\/uploads\/2017\/09\/DSC00917-300x225.jpg\" \/>\n<meta name=\"twitter:card\" content=\"summary\" \/>\n<meta name=\"twitter:label1\" content=\"Dur\u00e9e de lecture estim\u00e9e\" \/>\n\t<meta name=\"twitter:data1\" content=\"3 minutes\" \/>\n<script type=\"application\/ld+json\" class=\"yoast-schema-graph\">{\"@context\":\"https:\/\/schema.org\",\"@graph\":[{\"@type\":\"WebSite\",\"@id\":\"https:\/\/thomasdepryck.be\/#website\",\"url\":\"https:\/\/thomasdepryck.be\/\",\"name\":\"thomas depryck\",\"description\":\"auteur &amp; dramaturge\",\"potentialAction\":[{\"@type\":\"SearchAction\",\"target\":{\"@type\":\"EntryPoint\",\"urlTemplate\":\"https:\/\/thomasdepryck.be\/?s={search_term_string}\"},\"query-input\":\"required name=search_term_string\"}],\"inLanguage\":\"fr-FR\"},{\"@type\":\"ImageObject\",\"@id\":\"https:\/\/thomasdepryck.be\/?page_id=45#primaryimage\",\"inLanguage\":\"fr-FR\",\"url\":\"http:\/\/thomasdepryck.be\/wp-content\/uploads\/2017\/09\/DSC00917-300x225.jpg\",\"contentUrl\":\"http:\/\/thomasdepryck.be\/wp-content\/uploads\/2017\/09\/DSC00917-300x225.jpg\"},{\"@type\":\"WebPage\",\"@id\":\"https:\/\/thomasdepryck.be\/?page_id=45#webpage\",\"url\":\"https:\/\/thomasdepryck.be\/?page_id=45\",\"name\":\"le r\u00e9serviste - synopsis - cr\u00e9dits - thomas depryck\",\"isPartOf\":{\"@id\":\"https:\/\/thomasdepryck.be\/#website\"},\"primaryImageOfPage\":{\"@id\":\"https:\/\/thomasdepryck.be\/?page_id=45#primaryimage\"},\"datePublished\":\"2017-09-09T08:18:13+00:00\",\"dateModified\":\"2017-09-09T13:57:33+00:00\",\"breadcrumb\":{\"@id\":\"https:\/\/thomasdepryck.be\/?page_id=45#breadcrumb\"},\"inLanguage\":\"fr-FR\",\"potentialAction\":[{\"@type\":\"ReadAction\",\"target\":[\"https:\/\/thomasdepryck.be\/?page_id=45\"]}]},{\"@type\":\"BreadcrumbList\",\"@id\":\"https:\/\/thomasdepryck.be\/?page_id=45#breadcrumb\",\"itemListElement\":[{\"@type\":\"ListItem\",\"position\":1,\"name\":\"Accueil\",\"item\":\"https:\/\/thomasdepryck.be\/\"},{\"@type\":\"ListItem\",\"position\":2,\"name\":\"le r\u00e9serviste &#8211; synopsis &#8211; cr\u00e9dits\"}]}]}<\/script>\n<!-- \/ Yoast SEO plugin. -->","yoast_head_json":{"title":"le r\u00e9serviste - synopsis - cr\u00e9dits - thomas depryck","robots":{"index":"index","follow":"follow","max-snippet":"max-snippet:-1","max-image-preview":"max-image-preview:large","max-video-preview":"max-video-preview:-1"},"canonical":"https:\/\/thomasdepryck.be\/?page_id=45","og_locale":"fr_FR","og_type":"article","og_title":"le r\u00e9serviste - synopsis - cr\u00e9dits - thomas depryck","og_description":"\u00ab\u00a0Le R\u00e9serviste\u00a0\u00bb est l\u2019histoire d\u2019un type qui tente de jouer autrement au \u00ab\u00a0jeu de l\u2019emploi\u00a0\u00bb absurde (et inepte\u00a0?) qu\u2019on nous propose et nous impose depuis des d\u00e9cennies (voir plus), c\u2019est \u00e0 dire, en le prenant \u00e0 revers. Ch\u00f4meur, il veut bien prendre un emploi, mais pas n\u2019importe lequel. \u00ab\u00a0Le R\u00e9serviste\u00a0\u00bb ne veut pas se soumettre &hellip; Continuer la lecture de &laquo;&nbsp;le r\u00e9serviste &#8211; synopsis &#8211; cr\u00e9dits&nbsp;&raquo;","og_url":"https:\/\/thomasdepryck.be\/?page_id=45","og_site_name":"thomas depryck","article_modified_time":"2017-09-09T13:57:33+00:00","og_image":[{"url":"http:\/\/thomasdepryck.be\/wp-content\/uploads\/2017\/09\/DSC00917-300x225.jpg"}],"twitter_card":"summary","twitter_misc":{"Dur\u00e9e de lecture estim\u00e9e":"3 minutes"},"schema":{"@context":"https:\/\/schema.org","@graph":[{"@type":"WebSite","@id":"https:\/\/thomasdepryck.be\/#website","url":"https:\/\/thomasdepryck.be\/","name":"thomas depryck","description":"auteur &amp; dramaturge","potentialAction":[{"@type":"SearchAction","target":{"@type":"EntryPoint","urlTemplate":"https:\/\/thomasdepryck.be\/?s={search_term_string}"},"query-input":"required name=search_term_string"}],"inLanguage":"fr-FR"},{"@type":"ImageObject","@id":"https:\/\/thomasdepryck.be\/?page_id=45#primaryimage","inLanguage":"fr-FR","url":"http:\/\/thomasdepryck.be\/wp-content\/uploads\/2017\/09\/DSC00917-300x225.jpg","contentUrl":"http:\/\/thomasdepryck.be\/wp-content\/uploads\/2017\/09\/DSC00917-300x225.jpg"},{"@type":"WebPage","@id":"https:\/\/thomasdepryck.be\/?page_id=45#webpage","url":"https:\/\/thomasdepryck.be\/?page_id=45","name":"le r\u00e9serviste - synopsis - cr\u00e9dits - thomas depryck","isPartOf":{"@id":"https:\/\/thomasdepryck.be\/#website"},"primaryImageOfPage":{"@id":"https:\/\/thomasdepryck.be\/?page_id=45#primaryimage"},"datePublished":"2017-09-09T08:18:13+00:00","dateModified":"2017-09-09T13:57:33+00:00","breadcrumb":{"@id":"https:\/\/thomasdepryck.be\/?page_id=45#breadcrumb"},"inLanguage":"fr-FR","potentialAction":[{"@type":"ReadAction","target":["https:\/\/thomasdepryck.be\/?page_id=45"]}]},{"@type":"BreadcrumbList","@id":"https:\/\/thomasdepryck.be\/?page_id=45#breadcrumb","itemListElement":[{"@type":"ListItem","position":1,"name":"Accueil","item":"https:\/\/thomasdepryck.be\/"},{"@type":"ListItem","position":2,"name":"le r\u00e9serviste &#8211; synopsis &#8211; cr\u00e9dits"}]}]}},"_links":{"self":[{"href":"https:\/\/thomasdepryck.be\/index.php?rest_route=\/wp\/v2\/pages\/45"}],"collection":[{"href":"https:\/\/thomasdepryck.be\/index.php?rest_route=\/wp\/v2\/pages"}],"about":[{"href":"https:\/\/thomasdepryck.be\/index.php?rest_route=\/wp\/v2\/types\/page"}],"author":[{"embeddable":true,"href":"https:\/\/thomasdepryck.be\/index.php?rest_route=\/wp\/v2\/users\/1"}],"replies":[{"embeddable":true,"href":"https:\/\/thomasdepryck.be\/index.php?rest_route=%2Fwp%2Fv2%2Fcomments&post=45"}],"version-history":[{"count":12,"href":"https:\/\/thomasdepryck.be\/index.php?rest_route=\/wp\/v2\/pages\/45\/revisions"}],"predecessor-version":[{"id":152,"href":"https:\/\/thomasdepryck.be\/index.php?rest_route=\/wp\/v2\/pages\/45\/revisions\/152"}],"wp:attachment":[{"href":"https:\/\/thomasdepryck.be\/index.php?rest_route=%2Fwp%2Fv2%2Fmedia&parent=45"}],"curies":[{"name":"wp","href":"https:\/\/api.w.org\/{rel}","templated":true}]}}