{"id":146,"date":"2017-09-09T15:54:30","date_gmt":"2017-09-09T13:54:30","guid":{"rendered":"http:\/\/thomasdepryck.be\/?page_id=146"},"modified":"2017-09-09T15:54:30","modified_gmt":"2017-09-09T13:54:30","slug":"jai-creuse-un-fleuve-extrait","status":"publish","type":"page","link":"https:\/\/thomasdepryck.be\/?page_id=146","title":{"rendered":"j&rsquo;ai creus\u00e9 un fleuve &#8211; extrait"},"content":{"rendered":"<p><strong>1\u00a0:<\/strong> L\u2019horizon est gris.<\/p>\n<p><strong>2\u00a0:<\/strong> Bouch\u00e9.<\/p>\n<p><strong>1\u00a0:<\/strong> Ambiance d\u00e9l\u00e9t\u00e8re et parfum de derni\u00e8re s\u00e9ance, l\u2019air est satur\u00e9 de toxines.<\/p>\n<p><strong>2\u00a0:<\/strong> \u00c7a ne rigole pas, mais alors pas du tout.<\/p>\n<p><strong>1\u00a0:<\/strong> Un corps git sur le sol.<\/p>\n<p><strong>3\u00a0:<\/strong> Mes poumons vont imploser, j\u2019ai le souffle court, et les yeux qui veulent sortir de leurs orbites.<\/p>\n<p><strong>4\u00a0:<\/strong> Je n\u2019ai rien d\u2019autre \u00e0 faire que regarder en l\u2019air, au loin, le plus loin possible, et je me dis\u00a0: le paysage est fig\u00e9, il agonise.<\/p>\n<p><strong>1\u00a0:<\/strong> Je pense, je dis, je ressens que nous partageons, le ciel et moi, un moment d\u2019agonie.<\/p>\n<p><strong>2\u00a0:<\/strong> De la lumi\u00e8re, des traits de lumi\u00e8res, ou plut\u00f4t quelques minces faisceaux, quelques pauvres rayons de soleil essayent timidement de percer la couche \u00e9paisse des nuages\u00a0; mais \u00e7a ne passe pas, pas vraiment, \u00e7a marche un peu mais pas franchement, c\u2019est avort\u00e9, c\u2019est rachitique, c\u2019est, comme souvent, bancal, timide et provisoire\u00a0; c\u2019est un pas suppl\u00e9mentaire vers l\u2019\u00e9puisement g\u00e9n\u00e9ralis\u00e9\u00a0; les nuages font obstacle, les nuages sont trop charg\u00e9s, ils ne laissent pas au regard le loisir d\u2019observer le lointain comme il le faudrait.<\/p>\n<p><strong>3\u00a0:<\/strong> Encul\u00e9s de nuages.<\/p>\n<p><strong>1\u00a0:<\/strong> Encul\u00e9 de ciel.<\/p>\n<p><strong>3\u00a0:<\/strong> Encul\u00e9 de regard.<\/p>\n<p><strong>4\u00a0:<\/strong> Et le regard ment,<br \/>\nil dit qu\u2019il voit quelque chose,<br \/>\nil ment parce qu\u2019il voudrait voir quelque chose,<br \/>\nil ment parce qu\u2019il esp\u00e8re,<br \/>\nil ment par d\u00e9pit,<br \/>\nil s\u2019illusionne,<br \/>\nil voudrait d\u00e9celer une ouverture,<br \/>\nune perspective,<br \/>\nalors que non,<br \/>\nil n\u2019y a rien.<\/p>\n<p><strong>1\u00a0:<\/strong> Rien du tout.<\/p>\n<p><strong>3\u00a0:<\/strong> Espoir d\u00e9tricot\u00e9, d\u00e9compos\u00e9 au gr\u00e9 d\u2019un quotidien catastrophique.<\/p>\n<p><strong>2\u00a0:<\/strong> La catastrophe, c\u2019est maintenant, pas demain, maintenant.<\/p>\n<p><strong>4\u00a0:<\/strong> L\u2019horizon est bouch\u00e9. Je me r\u00e9p\u00e8te \u00e7a. Je me r\u00e9p\u00e8te \u00e7a depuis des mois, depuis des ann\u00e9es, depuis toujours peut-\u00eatre.<\/p>\n<p><strong>3\u00a0:<\/strong> J\u2019ai mal au cul, tr\u00e8s mal au cul, tr\u00e8s mal partout.<\/p>\n<p><strong>1\u00a0:<\/strong> Il est couch\u00e9 sur le dos, il ne peut plus bouger.<\/p>\n<p><strong>4\u00a0:<\/strong> Il a mal.<\/p>\n<p><strong>2\u00a0:<\/strong> J\u2019ai mal.<\/p>\n<p><strong>3\u00a0:<\/strong> Tr\u00e8s mal.<\/p>\n<p><strong>4\u00a0:<\/strong> Il radote.<\/p>\n<p><strong>3\u00a0:<\/strong> Cette tendance \u00e0 toujours r\u00e9p\u00e9ter les m\u00eames choses, se dit-il, en sentant une mati\u00e8re gluante, rouge et visqueuse se r\u00e9pandre hors de lui, je devrais l\u2019annihiler, y r\u00e9fl\u00e9chir, trouver une strat\u00e9gie pour la faire dispara\u00eetre et l\u2019annihiler. Je devrais agir. Mais je suis \u00e9puis\u00e9. Cette tendance \u00e0 me plaindre aussi, certainement, il faudrait que je m\u2019en d\u00e9fasse. Je devrais, je devrais faire plein de choses, plein de choses positives, me prendre en main, comme on dit, ne pas me laisser abattre, ne pas baisser les bras, m\u2019\u00e9couter, il faudrait, oui, que je m\u2019\u00e9coute un peu plus, mais rien \u00e0 faire, je refuse de me plier. Il est trop tard.<\/p>\n<p><strong>1\u00a0:<\/strong> C\u2019est exactement \u00e7a.<br \/>\nIl entend :<\/p>\n<p><strong>2\u00a0:<\/strong> Tu es responsable de ta propre vie,<br \/>\nTu es ce que tu fais de toi,<br \/>\nC\u00e9l\u00e8bre chaque victoire,<br \/>\nTu n\u2019es pas tout seul,<br \/>\nTu as tout en toi pour r\u00e9ussir,<br \/>\nLa vie est magique,<br \/>\nTu es fabuleux,<br \/>\nAime-toi, toi-m\u00eame,<br \/>\nProfite \u00e0 fond de chaque instant,<br \/>\nFais ce que tu aimes,<\/p>\n<p><strong>4\u00a0:<\/strong> Tu es aux commandes,<\/p>\n<p><strong>2\u00a0:<\/strong> Il faut te prendre en main, \u00eatre fier, te relever si tu tombes, toujours te relever, et croire en toi.<\/p>\n<p><strong>1\u00a0:<\/strong> Ton Moi est un guichet \u00e0 entretenir.<\/p>\n<p><strong>4\u00a0:<\/strong> Il faut avoir un projet et il faut communiquer sur ce projet. Il faut communiquer, communiquer mieux, communiquer toujours plus et toujours mieux. Ta vie est un entretien d\u2019embauche permanent.<\/p>\n<p><strong>1\u00a0:<\/strong> Tu dois te motiver, g\u00e9rer ton temps au mieux, cesser de r\u00e2ler.<\/p>\n<p><strong>2\u00a0:<\/strong> Tu es l\u2019employeur et l\u2019employ\u00e9 de ta vie, il faut tenir, y aller, foncer, ne pas flancher.<\/p>\n<p><strong>3\u00a0:<\/strong> Tu es en repr\u00e9sentation.<\/p>\n<p><strong>2\u00a0:<\/strong> Quand on monte sur le ring, c\u2019est pour se battre.<\/p>\n<p><strong>3\u00a0:<\/strong> On te regarde.<\/p>\n<p><strong>4\u00a0:<\/strong> Tiens-toi bien. Ne montre aucune faiblesse, garde la t\u00eate haute, ne flanche pas, ne pleure pas, surtout ne pleure pas, m\u00eame en priv\u00e9, tu es beau, tu es intelligent, tout le monde est beau, tout le monde a des capacit\u00e9s qui lui sont propres et qui valent bien celle des autres, il suffit de les cultiver, bordel, il suffit de les cultiver, arr\u00eate de chialer, trou du cul, et sois fier de ta foutue vie, elle n\u2019est pas si merdique que \u00e7a en a l\u2019air.<\/p>\n<p><strong>2\u00a0:<\/strong> Ne te plains pas, c\u2019est path\u00e9tique.<\/p>\n<p><strong>1\u00a0:<\/strong> Ne crie pas, ne fait rien qui soit inconvenant, ou seulement si c\u2019est dans le cadre d\u2019une performance artistique, ou si les circonstances sont appropri\u00e9es.<\/p>\n<p><strong>2\u00a0:<\/strong> Trouve ton identit\u00e9, trouve qui tu es, putain, et \u00e9bloui nous, \u00e9bloui ceux qui t\u2019entourent, change le monde en te changeant, sois celui par qui la lumi\u00e8re arrive toi aussi, sois l\u2019entrepreneur de ton existence et de ton bonheur, bordel de merde, et va te faire foutre avec ta d\u00e9pression.<\/p>\n<p><strong>1\u00a0:<\/strong> Laisse toi aller \u00e0 la spontan\u00e9it\u00e9 que ta personnalit\u00e9 exige.<\/p>\n<p><strong>2\u00a0:<\/strong> Ta vie priv\u00e9e et ta vie publique ou professionnelle ne sont que les deux faces d\u2019une m\u00eame pi\u00e8ce. Mets toi devant un miroir, connard, et regarde la face A et regarde la face B, et trouve l\u2019harmonie, le point de ralliement, le cercle vertueux qui te permet de glisser de l\u2019un \u00e0 l\u2019autre.<\/p>\n<p><strong>1\u00a0:<\/strong> Si tu ne t\u2019aides pas toi-m\u00eame, personne ne le fera.<\/p>\n<p><strong>2\u00a0:<\/strong> Si tu ne t\u2019ouvres pas au monde tel qu\u2019il est, tu resteras seul.<\/p>\n<p><strong>3\u00a0:<\/strong> Il h\u00e9site\u00a0: je me plie ou je me plie pas \u00e0 l\u2019injonction\u00a0?<\/p>\n<p><strong>2\u00a0:<\/strong> Il se plie.<\/p>\n<p><strong>3\u00a0:<\/strong> Je me plie.<\/p>\n<p><strong>1\u00a0:<\/strong> Dans un mouvement aussi spontan\u00e9 que possible, il se plie \u00e0 l\u2019injonction.<\/p>\n<p><strong>2\u00a0:<\/strong> Il se plie.<\/p>\n<p><strong>1\u00a0:<\/strong> Il vomit.<\/p>\n<p><strong>2\u00a0:<\/strong> Je vomis.<\/p>\n<p><strong>4\u00a0:<\/strong> Et il en met partout.<\/p>\n","protected":false},"excerpt":{"rendered":"<p>1\u00a0: L\u2019horizon est gris. 2\u00a0: Bouch\u00e9. 1\u00a0: Ambiance d\u00e9l\u00e9t\u00e8re et parfum de derni\u00e8re s\u00e9ance, l\u2019air est satur\u00e9 de toxines. 2\u00a0: \u00c7a ne rigole pas, mais alors pas du tout. 1\u00a0: Un corps git sur le sol. 3\u00a0: Mes poumons vont imploser, j\u2019ai le souffle court, et les yeux qui veulent sortir de leurs orbites. 4\u00a0: &hellip; <\/p>\n<p class=\"link-more\"><a href=\"https:\/\/thomasdepryck.be\/?page_id=146\" class=\"more-link\">Continuer la lecture<span class=\"screen-reader-text\"> de &laquo;&nbsp;j&rsquo;ai creus\u00e9 un fleuve &#8211; extrait&nbsp;&raquo;<\/span><\/a><\/p>\n","protected":false},"author":1,"featured_media":0,"parent":0,"menu_order":0,"comment_status":"closed","ping_status":"closed","template":"","meta":[],"yoast_head":"<!-- This site is optimized with the Yoast SEO plugin v18.2 - https:\/\/yoast.com\/wordpress\/plugins\/seo\/ -->\n<title>j&#039;ai creus\u00e9 un fleuve - extrait - thomas depryck<\/title>\n<meta name=\"robots\" content=\"index, follow, max-snippet:-1, max-image-preview:large, max-video-preview:-1\" \/>\n<link rel=\"canonical\" href=\"https:\/\/thomasdepryck.be\/?page_id=146\" \/>\n<meta property=\"og:locale\" content=\"fr_FR\" \/>\n<meta property=\"og:type\" content=\"article\" \/>\n<meta property=\"og:title\" content=\"j&#039;ai creus\u00e9 un fleuve - extrait - thomas depryck\" \/>\n<meta property=\"og:description\" content=\"1\u00a0: L\u2019horizon est gris. 2\u00a0: Bouch\u00e9. 1\u00a0: Ambiance d\u00e9l\u00e9t\u00e8re et parfum de derni\u00e8re s\u00e9ance, l\u2019air est satur\u00e9 de toxines. 2\u00a0: \u00c7a ne rigole pas, mais alors pas du tout. 1\u00a0: Un corps git sur le sol. 3\u00a0: Mes poumons vont imploser, j\u2019ai le souffle court, et les yeux qui veulent sortir de leurs orbites. 4\u00a0: &hellip; Continuer la lecture de &laquo;&nbsp;j&rsquo;ai creus\u00e9 un fleuve &#8211; extrait&nbsp;&raquo;\" \/>\n<meta property=\"og:url\" content=\"https:\/\/thomasdepryck.be\/?page_id=146\" \/>\n<meta property=\"og:site_name\" content=\"thomas depryck\" \/>\n<meta name=\"twitter:card\" content=\"summary\" \/>\n<meta name=\"twitter:label1\" content=\"Dur\u00e9e de lecture estim\u00e9e\" \/>\n\t<meta name=\"twitter:data1\" content=\"5 minutes\" \/>\n<script type=\"application\/ld+json\" class=\"yoast-schema-graph\">{\"@context\":\"https:\/\/schema.org\",\"@graph\":[{\"@type\":\"WebSite\",\"@id\":\"https:\/\/thomasdepryck.be\/#website\",\"url\":\"https:\/\/thomasdepryck.be\/\",\"name\":\"thomas depryck\",\"description\":\"auteur &amp; dramaturge\",\"potentialAction\":[{\"@type\":\"SearchAction\",\"target\":{\"@type\":\"EntryPoint\",\"urlTemplate\":\"https:\/\/thomasdepryck.be\/?s={search_term_string}\"},\"query-input\":\"required name=search_term_string\"}],\"inLanguage\":\"fr-FR\"},{\"@type\":\"WebPage\",\"@id\":\"https:\/\/thomasdepryck.be\/?page_id=146#webpage\",\"url\":\"https:\/\/thomasdepryck.be\/?page_id=146\",\"name\":\"j'ai creus\u00e9 un fleuve - extrait - thomas depryck\",\"isPartOf\":{\"@id\":\"https:\/\/thomasdepryck.be\/#website\"},\"datePublished\":\"2017-09-09T13:54:30+00:00\",\"dateModified\":\"2017-09-09T13:54:30+00:00\",\"breadcrumb\":{\"@id\":\"https:\/\/thomasdepryck.be\/?page_id=146#breadcrumb\"},\"inLanguage\":\"fr-FR\",\"potentialAction\":[{\"@type\":\"ReadAction\",\"target\":[\"https:\/\/thomasdepryck.be\/?page_id=146\"]}]},{\"@type\":\"BreadcrumbList\",\"@id\":\"https:\/\/thomasdepryck.be\/?page_id=146#breadcrumb\",\"itemListElement\":[{\"@type\":\"ListItem\",\"position\":1,\"name\":\"Accueil\",\"item\":\"https:\/\/thomasdepryck.be\/\"},{\"@type\":\"ListItem\",\"position\":2,\"name\":\"j&rsquo;ai creus\u00e9 un fleuve &#8211; extrait\"}]}]}<\/script>\n<!-- \/ Yoast SEO plugin. -->","yoast_head_json":{"title":"j'ai creus\u00e9 un fleuve - extrait - thomas depryck","robots":{"index":"index","follow":"follow","max-snippet":"max-snippet:-1","max-image-preview":"max-image-preview:large","max-video-preview":"max-video-preview:-1"},"canonical":"https:\/\/thomasdepryck.be\/?page_id=146","og_locale":"fr_FR","og_type":"article","og_title":"j'ai creus\u00e9 un fleuve - extrait - thomas depryck","og_description":"1\u00a0: L\u2019horizon est gris. 2\u00a0: Bouch\u00e9. 1\u00a0: Ambiance d\u00e9l\u00e9t\u00e8re et parfum de derni\u00e8re s\u00e9ance, l\u2019air est satur\u00e9 de toxines. 2\u00a0: \u00c7a ne rigole pas, mais alors pas du tout. 1\u00a0: Un corps git sur le sol. 3\u00a0: Mes poumons vont imploser, j\u2019ai le souffle court, et les yeux qui veulent sortir de leurs orbites. 4\u00a0: &hellip; Continuer la lecture de &laquo;&nbsp;j&rsquo;ai creus\u00e9 un fleuve &#8211; extrait&nbsp;&raquo;","og_url":"https:\/\/thomasdepryck.be\/?page_id=146","og_site_name":"thomas depryck","twitter_card":"summary","twitter_misc":{"Dur\u00e9e de lecture estim\u00e9e":"5 minutes"},"schema":{"@context":"https:\/\/schema.org","@graph":[{"@type":"WebSite","@id":"https:\/\/thomasdepryck.be\/#website","url":"https:\/\/thomasdepryck.be\/","name":"thomas depryck","description":"auteur &amp; dramaturge","potentialAction":[{"@type":"SearchAction","target":{"@type":"EntryPoint","urlTemplate":"https:\/\/thomasdepryck.be\/?s={search_term_string}"},"query-input":"required name=search_term_string"}],"inLanguage":"fr-FR"},{"@type":"WebPage","@id":"https:\/\/thomasdepryck.be\/?page_id=146#webpage","url":"https:\/\/thomasdepryck.be\/?page_id=146","name":"j'ai creus\u00e9 un fleuve - extrait - thomas depryck","isPartOf":{"@id":"https:\/\/thomasdepryck.be\/#website"},"datePublished":"2017-09-09T13:54:30+00:00","dateModified":"2017-09-09T13:54:30+00:00","breadcrumb":{"@id":"https:\/\/thomasdepryck.be\/?page_id=146#breadcrumb"},"inLanguage":"fr-FR","potentialAction":[{"@type":"ReadAction","target":["https:\/\/thomasdepryck.be\/?page_id=146"]}]},{"@type":"BreadcrumbList","@id":"https:\/\/thomasdepryck.be\/?page_id=146#breadcrumb","itemListElement":[{"@type":"ListItem","position":1,"name":"Accueil","item":"https:\/\/thomasdepryck.be\/"},{"@type":"ListItem","position":2,"name":"j&rsquo;ai creus\u00e9 un fleuve &#8211; extrait"}]}]}},"_links":{"self":[{"href":"https:\/\/thomasdepryck.be\/index.php?rest_route=\/wp\/v2\/pages\/146"}],"collection":[{"href":"https:\/\/thomasdepryck.be\/index.php?rest_route=\/wp\/v2\/pages"}],"about":[{"href":"https:\/\/thomasdepryck.be\/index.php?rest_route=\/wp\/v2\/types\/page"}],"author":[{"embeddable":true,"href":"https:\/\/thomasdepryck.be\/index.php?rest_route=\/wp\/v2\/users\/1"}],"replies":[{"embeddable":true,"href":"https:\/\/thomasdepryck.be\/index.php?rest_route=%2Fwp%2Fv2%2Fcomments&post=146"}],"version-history":[{"count":1,"href":"https:\/\/thomasdepryck.be\/index.php?rest_route=\/wp\/v2\/pages\/146\/revisions"}],"predecessor-version":[{"id":147,"href":"https:\/\/thomasdepryck.be\/index.php?rest_route=\/wp\/v2\/pages\/146\/revisions\/147"}],"wp:attachment":[{"href":"https:\/\/thomasdepryck.be\/index.php?rest_route=%2Fwp%2Fv2%2Fmedia&parent=146"}],"curies":[{"name":"wp","href":"https:\/\/api.w.org\/{rel}","templated":true}]}}