{"id":137,"date":"2017-09-09T15:40:37","date_gmt":"2017-09-09T13:40:37","guid":{"rendered":"http:\/\/thomasdepryck.be\/?page_id=137"},"modified":"2017-09-09T15:40:37","modified_gmt":"2017-09-09T13:40:37","slug":"le-jour-du-meurtre-extrait","status":"publish","type":"page","link":"https:\/\/thomasdepryck.be\/?page_id=137","title":{"rendered":"le jour du meurtre &#8211; extrait"},"content":{"rendered":"<p>Saint Petersburg, Missouri, le long du fleuve Mississipi.<\/p>\n<p>Le soleil se couche sur un horizon encore chaud et humide, le teintant de rose et d&rsquo;orange\u00a0; il signe avec sa lente descente dans les ab\u00eemes du monde la fin d&rsquo;une journ\u00e9e quelconque de l&rsquo;histoire am\u00e9ricaine\u00a0; en laissant bient\u00f4t la place \u00e0 l&rsquo;obscurit\u00e9 naissante, il permet du reste \u00e0 cet instant que l&rsquo;on appelle \u00ab\u00a0entre chien et loup\u00a0\u00bb de d\u00e9ployer ses terribles tentacules.<\/p>\n<p>Ce soleil par ailleurs se refl\u00e8te dans les yeux de deux gar\u00e7ons,<\/p>\n<p>deux jeunes gar\u00e7ons,<\/p>\n<p>deux orphelins<\/p>\n<p>deux orphelins mal habill\u00e9s,<\/p>\n<p>mal habill\u00e9s et sales,<\/p>\n<p>tr\u00e8s sales.<\/p>\n<p>Ils ont la m\u00eame taille, \u00e0 peu pr\u00e8s comme \u00e7a.<\/p>\n<p>Non, un des deux est plus grand, mais pas de beaucoup\u00a0;<\/p>\n<p>il y en a un, celui qui s&rsquo;appelle Tom \u2013 Tom Sawyer,\u00a0qui est blond, ou ch\u00e2tain ou roux, on ne sait pas trop, parce qu&rsquo;il ne fait pas assez clair et que la poussi\u00e8re qu&rsquo;il porte comme un v\u00eatement alt\u00e8re sa couleur naturelle.<\/p>\n<p>Ses habits sont d\u00e9chir\u00e9s aux genoux,<\/p>\n<p>son visage refl\u00e8te une certaine forme d&rsquo;intelligence et de malice.<\/p>\n<p>C&rsquo;est un \u00eatre fourbe autant qu&rsquo;honn\u00eate et probe.<\/p>\n<p>Il est ce qu&rsquo;il est.<\/p>\n<p>L&rsquo;autre, celui que l&rsquo;on nomme Huckleberry Finn ou \u00ab\u00a0Huck les mains rouges\u00a0\u00bb, a les yeux aussi noirs que les cheveux ou le bout des ongles\u00a0; il sent la b\u00eate, ses fringues sont ab\u00eem\u00e9es et vaguement rafistol\u00e9es \u00e0 plusieurs endroits,<\/p>\n<p>il a pourtant, \u00e9manant de toute sa personne, quelque chose qui pousse \u00e0 la confiance,<\/p>\n<p>qui donne envie de le suivre jusqu&rsquo;au bout du monde,<\/p>\n<p>et, surtout, de faire, de temps \u00e0 autre, l&rsquo;impasse sur \u00e9cole.<\/p>\n<p>Oui, mais \u00e7a ne fonctionne que pour ceux qui ont gard\u00e9 une \u00e2me d&rsquo;enfant.<\/p>\n<p>Comment \u00e7a\u00a0?<\/p>\n<p>Les adultes ne le supportent pas, Huck remet trop en cause leurs acquis, leurs certitudes, leur morale.<\/p>\n<p>Pourquoi\u00a0?<\/p>\n<p>Je ne sais pas, c&rsquo;est comme \u00e7a.<\/p>\n<p>Soit.<\/p>\n<p>Oui, soit.<\/p>\n<p>Ils sont pieds nus,<\/p>\n<p>Huck tient dans sa main un chat mort que Tom regarde avec envie\u00a0;<\/p>\n<p>et il dit\u00a0:<\/p>\n<blockquote><p><strong>Tom<\/strong>\u00a0: Dis donc, Huck, qu&rsquo;est-ce que tu vas foutre avec ce chat mort\u00a0?<\/p><\/blockquote>\n<p>Huck hausse les \u00e9paules, et r\u00e9pond\u00a0:<\/p>\n<blockquote><p><strong>Huck<\/strong>\u00a0: Mais, Tom, c&rsquo;est pour soigner les verrues.<\/p>\n<p><strong>Tom<\/strong>\u00a0: Les verrues\u00a0?<\/p>\n<p><strong>Huck<\/strong>\u00a0: Oui, les verrues.<\/p>\n<p><strong>Tom<\/strong>\u00a0: Huck, tu sais que les verrues \u00e7a se soigne avec de l&rsquo;eau de bois mort.<\/p>\n<p><strong>Huck<\/strong>\u00a0: Je sais, mais c&rsquo;est moins efficace.<\/p>\n<p><strong>Tom<\/strong>\u00a0: Tu sais\u00a0? Moins efficace\u00a0? C&rsquo;est que tu t&rsquo;y prends mal.<\/p>\n<p><strong>Huck<\/strong>\u00a0: Ah ouais\u00a0?<\/p>\n<p><strong>Tom<\/strong>\u00a0: Ben ouais.<\/p><\/blockquote>\n<p>Huck, c&rsquo;est donc le gar\u00e7on que tous les parents du village d\u00e9testent mais que tous les enfants envient et adorent.<\/p>\n<p>Ils voudraient \u00eatre comme lui, libres.<\/p>\n<p>Huck peut faire \u00e0 peu pr\u00e8s ce qu&rsquo;il veut. Son p\u00e8re est un ivrogne et sa m\u00e8re est morte.<\/p>\n<p>Personne n&rsquo;est l\u00e0 pour l&#8217;emmerder.<\/p>\n<p>Personne.<\/p>\n<p>Il se l\u00e8ve quand il n&rsquo;est plus fatigu\u00e9, et pour aucune autre raison,<\/p>\n<p>il p\u00eache autant que \u00e7a le chante,<\/p>\n<p>il siffle autant qu&rsquo;il peut,<\/p>\n<p>il crache o\u00f9 et quand il veut,<\/p>\n<p>personne ne l&rsquo;oblige \u00e0 aller \u00e0 nulle part,<\/p>\n<p>il ne se brosse ni les cheveux ni les dents,<\/p>\n<p>il joue aux jeux vid\u00e9o jusqu&rsquo;\u00e0 tomber de fatigue et\/ou d&rsquo;ennui,<\/p>\n<p>on ne sait pas trop s&rsquo;il se torche le cul.<\/p>\n<p>Quel rapport\u00a0?<\/p>\n<p>Aucun.<\/p>\n<p>Ah. D&rsquo;accord.<\/p>\n<p>Il ne travaille jamais,<\/p>\n<p>il n&rsquo;\u00e9tudie pas<\/p>\n<p>et pourtant il en sait, des choses,<\/p>\n<p>il veille aussi tard que \u00e7a lui semble n\u00e9cessaire, ou aussi longtemps que ses yeux le lui permettent,<\/p>\n<p>bref,<\/p>\n<p>oui bref,<\/p>\n<p>il fait tout ce pourquoi une vie vaut la peine d&rsquo;\u00eatre v\u00e9cue,<\/p>\n<p>paria pour les uns,<\/p>\n<p>h\u00e9ros pour les autres,<\/p>\n<p>c&rsquo;est une \u00e9nigme en soi.<\/p>\n<p>Tom ne manque jamais une occasion de le fr\u00e9quenter.<\/p>\n<blockquote><p><strong>Huck<\/strong>\u00a0: Comment \u00e7a, je m&rsquo;y prends mal\u00a0? Explique-moi.<\/p>\n<p><strong>Tom<\/strong>\u00a0: C&rsquo;est tout simple, Huck, il faut qu&rsquo;\u00e0 la nuit tomb\u00e9e, tu trouves une souche pourrie dans laquelle de l&rsquo;eau stagnante a mac\u00e9r\u00e9 au moins trois jours, que tu plonges la main dedans, que tu dises trois fois \u00ab\u00a0disparais, disparais, foutue verrue, ou bien je te br\u00fble \u00e0 l&rsquo;azote liquide\u00a0\u00bb, que tu fermes les yeux, que tu recules de dix pas, que tu te retournes, que tu rouvres les yeux et que tu rentres chez toi en courant, et en secouant la main qui a s\u00e9journ\u00e9 dans l&rsquo;eau souill\u00e9e et, normalement, le tour est jou\u00e9, le lendemain la verrue a disparu.<\/p>\n<p><strong>Huck<\/strong>\u00a0: \u00c7a a l&rsquo;air tout \u00e0 fait simple en effet, mais \u00e7a l&rsquo;est quand m\u00eame encore plus avec un chat mort.<\/p>\n<p><strong>Tom<\/strong>\u00a0: Ah ouais\u00a0? Et comment tu fais\u00a0? Je n&rsquo;ai jamais entendu parler de \u00e7a.<\/p>\n<p><strong>Huck<\/strong>\u00a0: Il suffit de prendre quelques touffes de poils, de les frotter avec un peu de salive sur la verrue, qu&rsquo;on aura au pr\u00e9alable fait saigner, puis d&rsquo;aller enterrer le chat dans un cimeti\u00e8re, au pied d&rsquo;un arbre, de r\u00e9citer quelques incantations, et voil\u00e0.<\/p>\n<p><strong>Tom<\/strong>\u00a0: \u00c7a semble logique.<\/p>\n<p><strong>Huck<\/strong>\u00a0: Oui.<\/p>\n<p><strong>Tom<\/strong>\u00a0: Tu vas faire \u00e7a quand\u00a0?<\/p>\n<p><strong>Huck<\/strong>\u00a0: Ce soir.<\/p>\n<p><strong>Tom<\/strong>\u00a0: Je peux venir\u00a0?<\/p>\n<p><strong>Huck<\/strong>\u00a0: Bien s\u00fbr, si t&rsquo;as pas peur.<\/p>\n<p><strong>Tom<\/strong>\u00a0: Moi, peur\u00a0? Tu rigoles\u00a0?<\/p><\/blockquote>\n<p>Dit-il en hurlant presque, autant par bravade que pour se rassurer.<\/p>\n<p>Il ajoute\u00a0: \u00ab\u00a0Rendez-vous au cimeti\u00e8re,\u00a0ce soir, jur\u00e9, crach\u00e9, si je mens\u2026\u00a0\u00bb<\/p>\n<p>Et l\u2019un et l\u2019autre envoient, par terre, un \u00e9norme paquet de salive.<\/p>\n<p>Deux fois.<\/p>\n<p>Au m\u00eame endroit.<\/p>\n<p>C\u2019est fantastique.<\/p>\n<p>C&rsquo;est d\u00e9gueulasse.<\/p>\n<p>C&rsquo;est comme \u00e7a qu&rsquo;on scelle une promesse.<\/p>\n<p>La journ\u00e9e passe.<\/p>\n<p>Huck fl\u00e2ne.<\/p>\n<p>Tom va \u00e0 l&rsquo;\u00e9cole.<\/p>\n<p>Il passe son temps \u00e0 tenter d&rsquo;attirer l&rsquo;attention de celle qu&rsquo;il aime plus que lui-m\u00eame\u00a0:<\/p>\n<p>Becky Thatcher,<\/p>\n<p>la fille du juge Thatcher,<\/p>\n<p>un homme impressionnant, le juge Thatcher.<\/p>\n<p>Oui.<\/p>\n<p>Elle, elle l&rsquo;aime aussi mais elle est f\u00e2ch\u00e9e contre lui, tr\u00e8s f\u00e2ch\u00e9e,<\/p>\n<p>parce qu&rsquo;il a fait une b\u00eatise,<\/p>\n<p>une grosse b\u00eatise.<\/p>\n<p>Tom tente de se racheter en lui faisant des grimaces,<\/p>\n<p>en vain,<\/p>\n<p>en lui faisant un dessin,<\/p>\n<p>\u00e7a ne marche pas,<\/p>\n<p>en lui offrant tout un tas de choses absurdes comme la dent qu&rsquo;on lui a enlev\u00e9e le matin m\u00eame, une pomme, un bouton de porte, une cl\u00e9 rouill\u00e9e, etc., mais ne r\u00e9ussit qu&rsquo;\u00e0 se faire punir s\u00e9v\u00e8rement par le professeur, qui de toute \u00e9vidence ne semble pas vraiment dispos\u00e9 \u00e0 laisser passer quoi que ce soit venant de Tom,<\/p>\n<p>donc il lui saisit l&rsquo;oreille,<\/p>\n<p>la tord m\u00e9chamment,<\/p>\n<p>la tire vers le haut,<\/p>\n<p>soul\u00e8ve le jeune homme qui y est accroch\u00e9,<\/p>\n<p>conduit celui-ci tout au fond de la classe,<\/p>\n<p>lui ordonne de se mettre \u00e0 genoux<\/p>\n<p>et de passer l\u00e0 le reste de la journ\u00e9e.<\/p>\n<p>Rat\u00e9 donc, ou presque.<\/p>\n<p>Parce que Becky a souri.<\/p>\n<p>Oui, timidement, mais quand m\u00eame.<\/p>\n<p>Tout n&rsquo;est pas perdu.<\/p>\n<p>Certes.<\/p>\n","protected":false},"excerpt":{"rendered":"<p>Saint Petersburg, Missouri, le long du fleuve Mississipi. Le soleil se couche sur un horizon encore chaud et humide, le teintant de rose et d&rsquo;orange\u00a0; il signe avec sa lente descente dans les ab\u00eemes du monde la fin d&rsquo;une journ\u00e9e quelconque de l&rsquo;histoire am\u00e9ricaine\u00a0; en laissant bient\u00f4t la place \u00e0 l&rsquo;obscurit\u00e9 naissante, il permet du &hellip; <\/p>\n<p class=\"link-more\"><a href=\"https:\/\/thomasdepryck.be\/?page_id=137\" class=\"more-link\">Continuer la lecture<span class=\"screen-reader-text\"> de &laquo;&nbsp;le jour du meurtre &#8211; extrait&nbsp;&raquo;<\/span><\/a><\/p>\n","protected":false},"author":1,"featured_media":0,"parent":0,"menu_order":0,"comment_status":"closed","ping_status":"closed","template":"","meta":[],"yoast_head":"<!-- This site is optimized with the Yoast SEO plugin v18.2 - https:\/\/yoast.com\/wordpress\/plugins\/seo\/ -->\n<title>le jour du meurtre - extrait - thomas depryck<\/title>\n<meta name=\"robots\" content=\"index, follow, max-snippet:-1, max-image-preview:large, max-video-preview:-1\" \/>\n<link rel=\"canonical\" href=\"https:\/\/thomasdepryck.be\/?page_id=137\" \/>\n<meta property=\"og:locale\" content=\"fr_FR\" \/>\n<meta property=\"og:type\" content=\"article\" \/>\n<meta property=\"og:title\" content=\"le jour du meurtre - extrait - thomas depryck\" \/>\n<meta property=\"og:description\" content=\"Saint Petersburg, Missouri, le long du fleuve Mississipi. Le soleil se couche sur un horizon encore chaud et humide, le teintant de rose et d&rsquo;orange\u00a0; il signe avec sa lente descente dans les ab\u00eemes du monde la fin d&rsquo;une journ\u00e9e quelconque de l&rsquo;histoire am\u00e9ricaine\u00a0; en laissant bient\u00f4t la place \u00e0 l&rsquo;obscurit\u00e9 naissante, il permet du &hellip; Continuer la lecture de &laquo;&nbsp;le jour du meurtre &#8211; extrait&nbsp;&raquo;\" \/>\n<meta property=\"og:url\" content=\"https:\/\/thomasdepryck.be\/?page_id=137\" \/>\n<meta property=\"og:site_name\" content=\"thomas depryck\" \/>\n<meta name=\"twitter:card\" content=\"summary\" \/>\n<meta name=\"twitter:label1\" content=\"Dur\u00e9e de lecture estim\u00e9e\" \/>\n\t<meta name=\"twitter:data1\" content=\"6 minutes\" \/>\n<script type=\"application\/ld+json\" class=\"yoast-schema-graph\">{\"@context\":\"https:\/\/schema.org\",\"@graph\":[{\"@type\":\"WebSite\",\"@id\":\"https:\/\/thomasdepryck.be\/#website\",\"url\":\"https:\/\/thomasdepryck.be\/\",\"name\":\"thomas depryck\",\"description\":\"auteur &amp; dramaturge\",\"potentialAction\":[{\"@type\":\"SearchAction\",\"target\":{\"@type\":\"EntryPoint\",\"urlTemplate\":\"https:\/\/thomasdepryck.be\/?s={search_term_string}\"},\"query-input\":\"required name=search_term_string\"}],\"inLanguage\":\"fr-FR\"},{\"@type\":\"WebPage\",\"@id\":\"https:\/\/thomasdepryck.be\/?page_id=137#webpage\",\"url\":\"https:\/\/thomasdepryck.be\/?page_id=137\",\"name\":\"le jour du meurtre - extrait - thomas depryck\",\"isPartOf\":{\"@id\":\"https:\/\/thomasdepryck.be\/#website\"},\"datePublished\":\"2017-09-09T13:40:37+00:00\",\"dateModified\":\"2017-09-09T13:40:37+00:00\",\"breadcrumb\":{\"@id\":\"https:\/\/thomasdepryck.be\/?page_id=137#breadcrumb\"},\"inLanguage\":\"fr-FR\",\"potentialAction\":[{\"@type\":\"ReadAction\",\"target\":[\"https:\/\/thomasdepryck.be\/?page_id=137\"]}]},{\"@type\":\"BreadcrumbList\",\"@id\":\"https:\/\/thomasdepryck.be\/?page_id=137#breadcrumb\",\"itemListElement\":[{\"@type\":\"ListItem\",\"position\":1,\"name\":\"Accueil\",\"item\":\"https:\/\/thomasdepryck.be\/\"},{\"@type\":\"ListItem\",\"position\":2,\"name\":\"le jour du meurtre &#8211; extrait\"}]}]}<\/script>\n<!-- \/ Yoast SEO plugin. -->","yoast_head_json":{"title":"le jour du meurtre - extrait - thomas depryck","robots":{"index":"index","follow":"follow","max-snippet":"max-snippet:-1","max-image-preview":"max-image-preview:large","max-video-preview":"max-video-preview:-1"},"canonical":"https:\/\/thomasdepryck.be\/?page_id=137","og_locale":"fr_FR","og_type":"article","og_title":"le jour du meurtre - extrait - thomas depryck","og_description":"Saint Petersburg, Missouri, le long du fleuve Mississipi. Le soleil se couche sur un horizon encore chaud et humide, le teintant de rose et d&rsquo;orange\u00a0; il signe avec sa lente descente dans les ab\u00eemes du monde la fin d&rsquo;une journ\u00e9e quelconque de l&rsquo;histoire am\u00e9ricaine\u00a0; en laissant bient\u00f4t la place \u00e0 l&rsquo;obscurit\u00e9 naissante, il permet du &hellip; Continuer la lecture de &laquo;&nbsp;le jour du meurtre &#8211; extrait&nbsp;&raquo;","og_url":"https:\/\/thomasdepryck.be\/?page_id=137","og_site_name":"thomas depryck","twitter_card":"summary","twitter_misc":{"Dur\u00e9e de lecture estim\u00e9e":"6 minutes"},"schema":{"@context":"https:\/\/schema.org","@graph":[{"@type":"WebSite","@id":"https:\/\/thomasdepryck.be\/#website","url":"https:\/\/thomasdepryck.be\/","name":"thomas depryck","description":"auteur &amp; dramaturge","potentialAction":[{"@type":"SearchAction","target":{"@type":"EntryPoint","urlTemplate":"https:\/\/thomasdepryck.be\/?s={search_term_string}"},"query-input":"required name=search_term_string"}],"inLanguage":"fr-FR"},{"@type":"WebPage","@id":"https:\/\/thomasdepryck.be\/?page_id=137#webpage","url":"https:\/\/thomasdepryck.be\/?page_id=137","name":"le jour du meurtre - extrait - thomas depryck","isPartOf":{"@id":"https:\/\/thomasdepryck.be\/#website"},"datePublished":"2017-09-09T13:40:37+00:00","dateModified":"2017-09-09T13:40:37+00:00","breadcrumb":{"@id":"https:\/\/thomasdepryck.be\/?page_id=137#breadcrumb"},"inLanguage":"fr-FR","potentialAction":[{"@type":"ReadAction","target":["https:\/\/thomasdepryck.be\/?page_id=137"]}]},{"@type":"BreadcrumbList","@id":"https:\/\/thomasdepryck.be\/?page_id=137#breadcrumb","itemListElement":[{"@type":"ListItem","position":1,"name":"Accueil","item":"https:\/\/thomasdepryck.be\/"},{"@type":"ListItem","position":2,"name":"le jour du meurtre &#8211; extrait"}]}]}},"_links":{"self":[{"href":"https:\/\/thomasdepryck.be\/index.php?rest_route=\/wp\/v2\/pages\/137"}],"collection":[{"href":"https:\/\/thomasdepryck.be\/index.php?rest_route=\/wp\/v2\/pages"}],"about":[{"href":"https:\/\/thomasdepryck.be\/index.php?rest_route=\/wp\/v2\/types\/page"}],"author":[{"embeddable":true,"href":"https:\/\/thomasdepryck.be\/index.php?rest_route=\/wp\/v2\/users\/1"}],"replies":[{"embeddable":true,"href":"https:\/\/thomasdepryck.be\/index.php?rest_route=%2Fwp%2Fv2%2Fcomments&post=137"}],"version-history":[{"count":1,"href":"https:\/\/thomasdepryck.be\/index.php?rest_route=\/wp\/v2\/pages\/137\/revisions"}],"predecessor-version":[{"id":138,"href":"https:\/\/thomasdepryck.be\/index.php?rest_route=\/wp\/v2\/pages\/137\/revisions\/138"}],"wp:attachment":[{"href":"https:\/\/thomasdepryck.be\/index.php?rest_route=%2Fwp%2Fv2%2Fmedia&parent=137"}],"curies":[{"name":"wp","href":"https:\/\/api.w.org\/{rel}","templated":true}]}}