{"id":127,"date":"2017-09-09T15:22:08","date_gmt":"2017-09-09T13:22:08","guid":{"rendered":"http:\/\/thomasdepryck.be\/?page_id=127"},"modified":"2017-09-09T15:27:07","modified_gmt":"2017-09-09T13:27:07","slug":"le-fond-de-lair-est-toujours-aussi-froid-extrait","status":"publish","type":"page","link":"https:\/\/thomasdepryck.be\/?page_id=127","title":{"rendered":"le fond de l&rsquo;air est toujours aussi froid &#8211; extrait"},"content":{"rendered":"<p><strong>A :<\/strong> Il fait froid.<\/p>\n<p><strong>B :<\/strong> Tr\u00e8s froid.<\/p>\n<p><strong>C :<\/strong> J\u2019ai le bout des doigts qui g\u00e8lent.<\/p>\n<p><strong>A :<\/strong> Mon nez me fait mal.<\/p>\n<p><strong>B :<\/strong> J\u2019ai le sang se solidifie dans les veines.<\/p>\n<p><strong>C :<\/strong> Il circule en petits gla\u00e7ons pointus qui me d\u00e9chirent tout le corps.\u00a0 J\u2019ai mal, je cr\u00e8ve de mal. J\u2019ai envie de hurler.<\/p>\n<p><strong>B :<\/strong> Tu exag\u00e8res.<\/p>\n<p><strong>C :<\/strong> Oui.<\/p>\n<p><strong>A :<\/strong> Il dit : j\u2019exag\u00e8re.<\/p>\n<p><strong>B :<\/strong> Quelle barbe.<\/p>\n<p><strong>C :<\/strong> Et il tousse.<\/p>\n<p><strong>A :<\/strong> Il n\u2019y a pas grand-chose pour nous r\u00e9chauffer. Ni physiquement, ni moralement. Je me demande combien de temps \u00e7a va encore durer. Je me demande depuis combien de temps \u00e7a dure. Je me demande si tout \u00e7a est normal.<\/p>\n<p><strong>B :<\/strong> Il me semble qu\u2019il en a toujours \u00e9t\u00e9 comme \u00e7a.<\/p>\n<p><strong>C :<\/strong> Ah oui ?<\/p>\n<p><strong>A\u00a0:<\/strong> Bordel.<\/p>\n<p><strong>B :<\/strong> Il r\u00e9p\u00e8te : il me semble.<\/p>\n<p><strong>C :<\/strong> Et il tousse encore.<\/p>\n<p><strong>B :<\/strong> Il faut attendre.<\/p>\n<p><strong>C :<\/strong> Il faut toujours attendre.<\/p>\n<p><strong>B :<\/strong> Attendre est le propre de l\u2019homme.<\/p>\n<p><strong>C :<\/strong> Parfois, j\u2019en ai marre d\u2019attendre.<\/p>\n<p><strong>A :<\/strong> L\u2019attente nuit globalement \u00e0 la sant\u00e9 de celui qui subit cette attente. Il faut trouver un moyen de s\u2019en accommoder. Il faut trouver le chemin de la patience. Il faut garder \u00e0 l\u2019esprit qu\u2019un jour \u00e7a ira mieux et que tout n\u2019est pas perdu. Alors l\u2019attente devient plus ou moins supportable.<\/p>\n<p><strong>B :<\/strong> Plus facile \u00e0 dire qu\u2019\u00e0 faire.<\/p>\n<p><strong>A :<\/strong> J\u2019ai toujours \u00e9t\u00e9 brouillon.<\/p>\n<p><strong>B :<\/strong> Qu\u2019est-ce que tu dis ?<\/p>\n<p><strong>A :<\/strong> Il dit : j\u2019ai toujours \u00e9t\u00e9 brouillon.<\/p>\n<p><strong>B :<\/strong> \u00c7a n\u2019a aucun rapport.<\/p>\n<p><strong>C :<\/strong> Il se racle la gorge, un bon coup, comme \u00e7a, oui, plus fort encore, et puis il parle.<\/p>\n<p><strong>A :<\/strong> Je sais. Je sais bien, mais je m\u2019en fous.<\/p>\n<p><strong>C :<\/strong> Moi aussi.<\/p>\n<p><strong>A\u00a0:<\/strong> Tant mieux.<\/p>\n<p><strong>B :<\/strong> Je suis fatigu\u00e9.<\/p>\n<p><strong>A :<\/strong> Mes cahiers, \u00e0 l\u2019\u00e9cole, ont toujours \u00e9t\u00e9 mal tenus. Mes notes \u00e9taient fourr\u00e9es n\u2019importe comment. Je m\u2019en suis toujours foutu. Oui. Non, je ne m\u2019en foutais pas, je le faisais expr\u00e8s. La prof de math\u00e9matiques me d\u00e9testait \u00e0 cause de \u00e7a, de mon bordel. Je la d\u00e9testais aussi. J\u2019ai toujours d\u00e9test\u00e9 les math\u00e9matiques. Parce qu\u2019ils sont en quelque sorte l\u2019incarnation de l\u2019ordre. Je hais l\u2019ordre. Les math\u00e9matiques tentent \u00e0 l\u2019aide de formules qui me donnent la naus\u00e9e d\u2019expliquer le monde. Et je n\u2019y comprends rien. Je n\u2019y ai jamais rien compris, et \u00e7a ne m\u2019aide en aucune mani\u00e8re \u00e0 vivre, pour quoi que ce soit. Alors que la musique oui. Pour ranger ma chambre par exemple, aucune formule d\u2019aucune sorte ne m\u2019a jamais \u00e9t\u00e9 d\u2019aucune aide, Madonna, elle, en revanche, oui.<\/p>\n<p><strong>C :<\/strong> Tu as d\u00e9j\u00e0 racont\u00e9 \u00e7a.<\/p>\n<p><strong>B :<\/strong> Oui : son p\u00e8re ou sa m\u00e8re, s\u00e9par\u00e9ment ou de concert, lui demandaient de mettre de l\u2019ordre, de ne pas laisser trainer ses jouets, de ne pas faire tant de bruit, de ne pas \u00eatre si n\u00e9gligent, parce qu\u2019il faut \u00eatre soigneux, qu\u2019il faut respecter ce qu\u2019on a, qu\u2019il faut \u00eatre sage et raisonnable, mais il n\u2019y arrivait pas, pas totalement. Faut pas en faire toute une maladie.<\/p>\n<p><strong>A :<\/strong> Oh \u00e7a va, hein.<\/p>\n<p><strong>C :<\/strong> Tes parents n\u2019avaient pas forc\u00e9ment tort.<\/p>\n<p><strong>B :<\/strong> Ils se regardent l\u2019un l\u2019autre. Se d\u00e9fient un peu, se jaugent. Chacun hausse les \u00e9paules, campe sur ses positions.<\/p>\n<p><strong>A :<\/strong> Le probl\u00e8me c\u2019est que je me suis mis \u00e0 aimer le d\u00e9sordre,<br \/>\n\u00e0 aimer quand \u00e7a n\u2019a pas de sens,<br \/>\nquand \u00e7a ressemble \u00e0 rien.<br \/>\nJ\u2019ai suivi mot pour mot l\u2019adage qui dit \u00ab si tu ne peux pas avoir ce que tu veux, alors aime ce que tu as \u00bb. J\u2019aurais bien voulu avoir une chambre et des id\u00e9es bien rang\u00e9es, mais je n\u2019ai pas pu, alors je me suis mis \u00e0 aimer le bordel.<br \/>\n\u00c7a m\u2019a rassur\u00e9, et \u00e7a me rassure encore aujourd\u2019hui.<\/p>\n<p><strong>B :<\/strong> Je me sens vivant dans le d\u00e9sordre, dans le chaos, dans l\u2019absurde, il dit.<\/p>\n<p><strong>A :<\/strong> J\u2019aime quand \u00e7a grouille, quand \u00e7a gicle n\u2019importe comment,<\/p>\n<p><strong>C :<\/strong> quand \u00e7a explose, quand \u00e7a d\u00e9rive au gr\u00e9 du vent, quand \u00e7a chamboule le court des choses,<\/p>\n<p><strong>B :<\/strong> j\u2019aime l\u2019inattendu, ce qui fait que le quotidien, tout \u00e0 coup, est moins terne, tout ce qui fait qu\u2019aujourd\u2019hui ne ressemble plus \u00e0 hier, grogne-t-il,<\/p>\n<p><strong>C :<\/strong> plus tout \u00e0 fait en tout cas, pr\u00e9cise-t-il.<\/p>\n<p><strong>B :<\/strong> C\u2019est pour \u00e7a que j\u2019aime :<\/p>\n<p><strong>A :<\/strong> les accidents<\/p>\n<p><strong>C :<\/strong> les \u00e9pid\u00e9mies<\/p>\n<p><strong>B :<\/strong> les attentats<\/p>\n<p><strong>A :<\/strong> les guerres<\/p>\n<p><strong>C :<\/strong> les famines<\/p>\n<p><strong>A :<\/strong> les catastrophes naturelles<\/p>\n<p><strong>B :<\/strong> tout \u00e7a.<\/p>\n<p><strong>A :<\/strong> et bien d\u2019autres choses encore.<\/p>\n<p><strong>B :<\/strong> C\u2019est horrible.<\/p>\n<p><strong>A :<\/strong> Oh \u00e7a va hein.<\/p>\n<p><strong>C :<\/strong> Tu es probablement fou.<\/p>\n<p><strong>A :<\/strong> Je pense que je suis probablement fou, oui.<\/p>\n<p><strong>B :<\/strong> Je crois, par ailleurs, tr\u00e8s sinc\u00e8rement, et sans vouloir te vexer, que \u00e7a n\u2019int\u00e9resse personne ce que tu dis.<\/p>\n<p><strong>C :<\/strong> Est-ce que \u00e7a int\u00e9resse quelqu\u2019un ?<\/p>\n<p><strong>A :<\/strong> Tu sais ce qui int\u00e9resse les gens toi ?<\/p>\n<p><strong>B :<\/strong> Non pas forc\u00e9ment, mais ce que tu dis, l\u00e0, j\u2019en suis pratiquement s\u00fbr, non j\u2019en suis s\u00fbr et certain ne fait pas partie des choses qui peuvent \u00e9veiller une quelconque lueur d\u2019attention chez qui que ce soit.<\/p>\n<p><strong>A :<\/strong> Pourquoi ?<\/p>\n<p><strong>B :<\/strong> Une intuition.<\/p>\n<p><strong>A :<\/strong> Une intuition de mon cul oui.<\/p>\n<p><strong>C :<\/strong> Ne le brime pas, il est malheureux, il fait froid, il attend, et nous aussi.<br \/>\nIl a besoin d\u2019une catharsis.<\/p>\n<p>&nbsp;<\/p>\n<p><strong>A :<\/strong> J\u2019ai froid.<\/p>\n<p><strong>C :<\/strong> J\u2019ai froid aussi.<\/p>\n<p><strong>B :<\/strong> Moi aussi.<\/p>\n<p><strong>A :<\/strong> Ce n\u2019est pas possible ce temps de merde.<\/p>\n<p><strong>C<\/strong> <strong>:<\/strong> Tu l\u2019as dit.<\/p>\n<p>&nbsp;<\/p>\n<p><strong>B :<\/strong> Une catharsis ?<\/p>\n<p><strong>A :<\/strong> Il a dit \u00e7a, oui.<\/p>\n<p><strong>C :<\/strong> Oui, une catharsis.<\/p>\n<p><strong>A :<\/strong> Je ne sais m\u00eame pas ce que c\u2019est.<\/p>\n<p><strong>C :<\/strong> Moi non plus mais j\u2019ai entendu \u00e7a quelque part et \u00e7a a l\u2019air d\u2019avoir du sens.<\/p>\n<p><strong>A :<\/strong> Ah bon.<\/p>\n<p><strong>B :<\/strong> Une baffe oui, c\u2019est une baffe qu\u2019il lui faut\u2026 une bonne vielle gifle p\u00e9dagogique qui fait circuler le sang en le d\u00e9gelant ; \u00e7a redynamise l\u2019esprit, \u00e7a fait s\u2019agiter les neurones, \u00e7a brise l\u2019attentisme, \u00e7a remet le cavalier en selle, rougit la peau, excite les nerfs, ravive le mental, ram\u00e8ne l\u2019\u00e9glise au milieu du village, etc.<\/p>\n<p>j\u2019en passe et des meilleures.<\/p>\n<p><strong>C :<\/strong> Et puis \u00e7a r\u00e9chauffe, voil\u00e0.<\/p>\n<p><strong>B :<\/strong> Oui. Jouons \u00e0 je te tiens tu me tiens par la barbichette.<\/p>\n<p><strong>C :<\/strong> Ok.<\/p>\n<p><strong>B et C\u00a0:<\/strong> Je te tiens, tu me tiens par la barbichette, le premier de nous deux qui rira aura une tapette.<\/p>\n<p><strong>A\u00a0:<\/strong> Personne ne rit mais celui-ci flanque une gifle monumentale \u00e0 celui-l\u00e0.<\/p>\n<p><strong>B\u00a0:<\/strong> Moi\u00a0? A lui\u00a0?<\/p>\n<p><strong>A\u00a0:<\/strong> Oui. Oui, oui.<\/p>\n<p><strong>C\u00a0:<\/strong> Ah non, non. Non.<\/p>\n<p><strong>A\u00a0:<\/strong> Si. Si.<\/p>\n<p><strong>C\u00a0<\/strong>: Et merde.<\/p>\n<p><strong>B\u00a0:<\/strong> Bon. Ferme les yeux.<\/p>\n<p><strong>C\u00a0:<\/strong> N\u2019y va pas trop fort.<\/p>\n<p><strong>B\u00a0:<\/strong> Ne bouge plus.<\/p>\n<p><strong>C\u00a0:<\/strong> Le con. Le con de con de chez con. \u00c7a fait mal. J\u2019ai dit pas trop fort, bordel, t\u2019es malade ?<\/p>\n<p><strong>B :<\/strong> D\u00e9sol\u00e9. Monumentale on a dit. Et puis c\u2019\u00e9tait une gifle curative. Tu te sens mieux ? Fait moins froid, non\u00a0?<\/p>\n<p><strong>C :<\/strong> Non. Enfoir\u00e9, tu me le paieras.<\/p>\n<p><strong>B :<\/strong> Moi \u00e7a va mieux.<\/p>\n<p><strong>C\u00a0:<\/strong> Psychopathe.<\/p>\n<p><strong>A :<\/strong> Vous me fatiguez. La situation est critique et vous, vous jouez \u00e0 ce jeu stupide.<\/p>\n<p><strong>C :<\/strong>\u00a0Qu\u2019est-ce qu\u2019il m\u2019emmerde lui alors. Il ne fait que<br \/>\ngeindre,<br \/>\npleurnicher,<br \/>\nmaudire,<br \/>\nse vautrer,<br \/>\nse complaire dans le malheur<br \/>\nle sien et celui des autres.<\/p>\n<p><strong>B :<\/strong> Il aime la merde ?<br \/>\nqu\u2019il l\u2019a bouffe !<br \/>\net qu\u2019il arr\u00eate de dire que tout va mal<br \/>\nde s\u2019appesantir sur ses putains de probl\u00e8mes<br \/>\nsur son petit cul qui a une punaise dans le gras.<\/p>\n<p>&nbsp;<\/p>\n<p><strong>A :<\/strong> Tout \u00e7a m\u2019\u00e9nerve.<\/p>\n<p><strong>C :<\/strong> L\u00e0, il parle de lui.<\/p>\n<p><strong>A :<\/strong> Oui, je parle de moi. De qui parler d\u2019autre ? On ne parle jamais que de soi. Rien \u00e0 foutre des autres. L\u2019humanit\u00e9 est dans son ensemble centr\u00e9e sur elle-m\u00eame. Elle est biologiquement \u00e9gocentrique. Il n\u2019y en a pas un pour rattraper l\u2019autre. Les gens ne pensent qu\u2019\u00e0 eux. Moi le premier, et je l\u2019assume parfaitement. Quand ils te demandent \u00ab \u00e7a va ? \u00bb, ils ne le font que pour pouvoir \u00e9taler leurs propres histoires, se r\u00e9pandre et pleurnicher sur leur sort. Voil\u00e0.<\/p>\n<p><strong>B :<\/strong> \u00c7a ne m\u2019int\u00e9resse pas.<\/p>\n<p><strong>A :<\/strong> Tu vois ?<\/p>\n<p><strong>C :<\/strong> N\u2019\u00e9coute pas alors.<\/p>\n<p><strong>B :<\/strong> Je n\u2019\u00e9coute plus.<\/p>\n<p><strong>A :<\/strong> Il n\u2019\u00e9coute plus, je m\u2019en gratte les fesses. Bordel de merde. Depuis quelques jours, quelque chose, sur ma peau, me d\u00e9mange. De l\u2019ecz\u00e9ma. Le stress sans doute. Il faudrait que quelqu\u2019un me tartine le corps avec du lait d\u2019\u00e2nesse. Mais il n\u2019y a pas \u00e7a ici et puis surtout, qui donc aurait envie de me toucher la peau ? Moi-m\u00eame \u00e7a me d\u00e9go\u00fbte. Quelle barbe. Plein le cul.<\/p>\n<p>&nbsp;<\/p>\n","protected":false},"excerpt":{"rendered":"<p>A : Il fait froid. B : Tr\u00e8s froid. C : J\u2019ai le bout des doigts qui g\u00e8lent. A : Mon nez me fait mal. B : J\u2019ai le sang se solidifie dans les veines. C : Il circule en petits gla\u00e7ons pointus qui me d\u00e9chirent tout le corps.\u00a0 J\u2019ai mal, je cr\u00e8ve de mal. &hellip; <\/p>\n<p class=\"link-more\"><a href=\"https:\/\/thomasdepryck.be\/?page_id=127\" class=\"more-link\">Continuer la lecture<span class=\"screen-reader-text\"> de &laquo;&nbsp;le fond de l&rsquo;air est toujours aussi froid &#8211; extrait&nbsp;&raquo;<\/span><\/a><\/p>\n","protected":false},"author":1,"featured_media":0,"parent":0,"menu_order":0,"comment_status":"closed","ping_status":"closed","template":"","meta":[],"yoast_head":"<!-- This site is optimized with the Yoast SEO plugin v18.2 - https:\/\/yoast.com\/wordpress\/plugins\/seo\/ -->\n<title>le fond de l&#039;air est toujours aussi froid - extrait - thomas depryck<\/title>\n<meta name=\"robots\" content=\"index, follow, max-snippet:-1, max-image-preview:large, max-video-preview:-1\" \/>\n<link rel=\"canonical\" href=\"https:\/\/thomasdepryck.be\/?page_id=127\" \/>\n<meta property=\"og:locale\" content=\"fr_FR\" \/>\n<meta property=\"og:type\" content=\"article\" \/>\n<meta property=\"og:title\" content=\"le fond de l&#039;air est toujours aussi froid - extrait - thomas depryck\" \/>\n<meta property=\"og:description\" content=\"A : Il fait froid. B : Tr\u00e8s froid. C : J\u2019ai le bout des doigts qui g\u00e8lent. A : Mon nez me fait mal. B : J\u2019ai le sang se solidifie dans les veines. C : Il circule en petits gla\u00e7ons pointus qui me d\u00e9chirent tout le corps.\u00a0 J\u2019ai mal, je cr\u00e8ve de mal. &hellip; Continuer la lecture de &laquo;&nbsp;le fond de l&rsquo;air est toujours aussi froid &#8211; extrait&nbsp;&raquo;\" \/>\n<meta property=\"og:url\" content=\"https:\/\/thomasdepryck.be\/?page_id=127\" \/>\n<meta property=\"og:site_name\" content=\"thomas depryck\" \/>\n<meta property=\"article:modified_time\" content=\"2017-09-09T13:27:07+00:00\" \/>\n<meta name=\"twitter:card\" content=\"summary\" \/>\n<meta name=\"twitter:label1\" content=\"Dur\u00e9e de lecture estim\u00e9e\" \/>\n\t<meta name=\"twitter:data1\" content=\"8 minutes\" \/>\n<script type=\"application\/ld+json\" class=\"yoast-schema-graph\">{\"@context\":\"https:\/\/schema.org\",\"@graph\":[{\"@type\":\"WebSite\",\"@id\":\"https:\/\/thomasdepryck.be\/#website\",\"url\":\"https:\/\/thomasdepryck.be\/\",\"name\":\"thomas depryck\",\"description\":\"auteur &amp; dramaturge\",\"potentialAction\":[{\"@type\":\"SearchAction\",\"target\":{\"@type\":\"EntryPoint\",\"urlTemplate\":\"https:\/\/thomasdepryck.be\/?s={search_term_string}\"},\"query-input\":\"required name=search_term_string\"}],\"inLanguage\":\"fr-FR\"},{\"@type\":\"WebPage\",\"@id\":\"https:\/\/thomasdepryck.be\/?page_id=127#webpage\",\"url\":\"https:\/\/thomasdepryck.be\/?page_id=127\",\"name\":\"le fond de l'air est toujours aussi froid - extrait - thomas depryck\",\"isPartOf\":{\"@id\":\"https:\/\/thomasdepryck.be\/#website\"},\"datePublished\":\"2017-09-09T13:22:08+00:00\",\"dateModified\":\"2017-09-09T13:27:07+00:00\",\"breadcrumb\":{\"@id\":\"https:\/\/thomasdepryck.be\/?page_id=127#breadcrumb\"},\"inLanguage\":\"fr-FR\",\"potentialAction\":[{\"@type\":\"ReadAction\",\"target\":[\"https:\/\/thomasdepryck.be\/?page_id=127\"]}]},{\"@type\":\"BreadcrumbList\",\"@id\":\"https:\/\/thomasdepryck.be\/?page_id=127#breadcrumb\",\"itemListElement\":[{\"@type\":\"ListItem\",\"position\":1,\"name\":\"Accueil\",\"item\":\"https:\/\/thomasdepryck.be\/\"},{\"@type\":\"ListItem\",\"position\":2,\"name\":\"le fond de l&rsquo;air est toujours aussi froid &#8211; extrait\"}]}]}<\/script>\n<!-- \/ Yoast SEO plugin. -->","yoast_head_json":{"title":"le fond de l'air est toujours aussi froid - extrait - thomas depryck","robots":{"index":"index","follow":"follow","max-snippet":"max-snippet:-1","max-image-preview":"max-image-preview:large","max-video-preview":"max-video-preview:-1"},"canonical":"https:\/\/thomasdepryck.be\/?page_id=127","og_locale":"fr_FR","og_type":"article","og_title":"le fond de l'air est toujours aussi froid - extrait - thomas depryck","og_description":"A : Il fait froid. B : Tr\u00e8s froid. C : J\u2019ai le bout des doigts qui g\u00e8lent. A : Mon nez me fait mal. B : J\u2019ai le sang se solidifie dans les veines. C : Il circule en petits gla\u00e7ons pointus qui me d\u00e9chirent tout le corps.\u00a0 J\u2019ai mal, je cr\u00e8ve de mal. &hellip; Continuer la lecture de &laquo;&nbsp;le fond de l&rsquo;air est toujours aussi froid &#8211; extrait&nbsp;&raquo;","og_url":"https:\/\/thomasdepryck.be\/?page_id=127","og_site_name":"thomas depryck","article_modified_time":"2017-09-09T13:27:07+00:00","twitter_card":"summary","twitter_misc":{"Dur\u00e9e de lecture estim\u00e9e":"8 minutes"},"schema":{"@context":"https:\/\/schema.org","@graph":[{"@type":"WebSite","@id":"https:\/\/thomasdepryck.be\/#website","url":"https:\/\/thomasdepryck.be\/","name":"thomas depryck","description":"auteur &amp; dramaturge","potentialAction":[{"@type":"SearchAction","target":{"@type":"EntryPoint","urlTemplate":"https:\/\/thomasdepryck.be\/?s={search_term_string}"},"query-input":"required name=search_term_string"}],"inLanguage":"fr-FR"},{"@type":"WebPage","@id":"https:\/\/thomasdepryck.be\/?page_id=127#webpage","url":"https:\/\/thomasdepryck.be\/?page_id=127","name":"le fond de l'air est toujours aussi froid - extrait - thomas depryck","isPartOf":{"@id":"https:\/\/thomasdepryck.be\/#website"},"datePublished":"2017-09-09T13:22:08+00:00","dateModified":"2017-09-09T13:27:07+00:00","breadcrumb":{"@id":"https:\/\/thomasdepryck.be\/?page_id=127#breadcrumb"},"inLanguage":"fr-FR","potentialAction":[{"@type":"ReadAction","target":["https:\/\/thomasdepryck.be\/?page_id=127"]}]},{"@type":"BreadcrumbList","@id":"https:\/\/thomasdepryck.be\/?page_id=127#breadcrumb","itemListElement":[{"@type":"ListItem","position":1,"name":"Accueil","item":"https:\/\/thomasdepryck.be\/"},{"@type":"ListItem","position":2,"name":"le fond de l&rsquo;air est toujours aussi froid &#8211; extrait"}]}]}},"_links":{"self":[{"href":"https:\/\/thomasdepryck.be\/index.php?rest_route=\/wp\/v2\/pages\/127"}],"collection":[{"href":"https:\/\/thomasdepryck.be\/index.php?rest_route=\/wp\/v2\/pages"}],"about":[{"href":"https:\/\/thomasdepryck.be\/index.php?rest_route=\/wp\/v2\/types\/page"}],"author":[{"embeddable":true,"href":"https:\/\/thomasdepryck.be\/index.php?rest_route=\/wp\/v2\/users\/1"}],"replies":[{"embeddable":true,"href":"https:\/\/thomasdepryck.be\/index.php?rest_route=%2Fwp%2Fv2%2Fcomments&post=127"}],"version-history":[{"count":3,"href":"https:\/\/thomasdepryck.be\/index.php?rest_route=\/wp\/v2\/pages\/127\/revisions"}],"predecessor-version":[{"id":133,"href":"https:\/\/thomasdepryck.be\/index.php?rest_route=\/wp\/v2\/pages\/127\/revisions\/133"}],"wp:attachment":[{"href":"https:\/\/thomasdepryck.be\/index.php?rest_route=%2Fwp%2Fv2%2Fmedia&parent=127"}],"curies":[{"name":"wp","href":"https:\/\/api.w.org\/{rel}","templated":true}]}}