{"id":118,"date":"2017-09-09T14:53:40","date_gmt":"2017-09-09T12:53:40","guid":{"rendered":"http:\/\/thomasdepryck.be\/?page_id=118"},"modified":"2017-09-09T14:59:02","modified_gmt":"2017-09-09T12:59:02","slug":"etreinte-dans-le-noir-extrait","status":"publish","type":"page","link":"https:\/\/thomasdepryck.be\/?page_id=118","title":{"rendered":"\u00e9treinte dans le noir &#8211; extrait"},"content":{"rendered":"<p><strong>A : <\/strong>Je fixe le soleil, \u00e7a br\u00fble, je ferme les yeux, je baigne dans une lumi\u00e8re orange, compl\u00e8tement et stupidement orange ; il fait chaud, je me dis qu&rsquo;il fait chaud, l&rsquo;air est lourd, extr\u00eamement lourd, des gouttes de sueur se forment \u00e0 la fronti\u00e8re trac\u00e9e par mes cheveux entre mon front et mon cr\u00e2ne, sur mes tempes, et \u00e0 l&rsquo;endroit de la moustache. Je vois une mouche. Une mouche verte. Vert m\u00e9tal. elle brille, elle irradie ; elle est peut-\u00eatre toxique, je pense, et \u00e7a me pla\u00eet. La tache qu&rsquo;elle forme se d\u00e9place rapidement, par \u00e0-coups, de mani\u00e8re saccad\u00e9e ; c&rsquo;est un \u00e9clair dans l&rsquo;horizon psych\u00e9d\u00e9lique de ma cervelle. Je me dis que c&rsquo;est une belle mouche.<br \/>\nJ&rsquo;ai une passion pour les insectes, j&rsquo;avoue. ils sont bien plus malins, bien plus endurants et bien plus solides que les humains, qui sont globalement stupides et mous. Les insectes que je pr\u00e9f\u00e8re, ce sont les cafards (j&rsquo;en ai toute une collection bien rang\u00e9e dans une bo\u00eete, chez moi), les araign\u00e9es et les kabutomushis. Juste apr\u00e8s viennent les mouches, mais pas toutes les mouches ; il y en a qui sont d\u00e9gueulasses, on est d&rsquo;accord. Mais celle-ci me para\u00eet particuli\u00e8rement attirante. Ses yeux sont rouges, sa robe est verte ; elle est magn\u00e9tique. il y en a probablement des dizaines comme \u00e7a dans le coin, voire des centaines, mais moi, je ne vois qu&rsquo;elle, et elle seule. C&rsquo;est ma mouche. elle me zigzague autour, elle fait vibrer ses ailes \u00e0 toute allure, pile au milieu de mon cerveau, \u00e7a bourdonne, \u00e7a siffle, elle m&rsquo;habite totalement.<br \/>\nJe rouvre les yeux sur l&rsquo;horizon azur\u00e9, la mouche est toujours l\u00e0 ; je bois.<\/p>\n<p><strong>B :<\/strong> Il avale pratiquement d&rsquo;une traite un verre plein de Bloody Mary, largement charg\u00e9 en vodka, bien \u00e9pic\u00e9, une v\u00e9ritable b\u00e9n\u00e9diction, qui descend dans son estomac instantan\u00e9ment, y diffuse une sensation d&rsquo;apaisement imm\u00e9diat, et le rafra\u00eechit.<\/p>\n<p><strong>A :<\/strong> L&rsquo;alcool me p\u00e9n\u00e8tre, je me sens bien.<\/p>\n<p><strong>B :<\/strong> Je l&rsquo;aime, cette mouche, il dit.<\/p>\n<p><strong>D :<\/strong> Je ferme les yeux, je ne vois rien. rien du tout.<\/p>\n<p><strong>B :<\/strong> Et ?<\/p>\n<p><strong>C :<\/strong> Je n&rsquo;en sais rien.<\/p>\n<p><strong>B :<\/strong> Tu as lu le journal de ce matin ?<\/p>\n<p><strong>C :<\/strong> Non.<\/p>\n<p><strong>B :<\/strong> Moi non plus.<\/p>\n<p><strong>C :<\/strong> Pourquoi tu me poses la question alors ?<\/p>\n<p><strong>B :<\/strong> Je ne sais pas. Pour avoir des nouvelles.<\/p>\n<p><strong>C :<\/strong> Tout va mal. extr\u00eamement mal. Guerres, attentats, accidents, maladies, crise \u00e9conomique, crise sociale, crise des valeurs (de mon cul), tout le bordel. Aucun int\u00e9r\u00eat.<\/p>\n<p><strong>D :<\/strong> Ne sois pas si dramatique.<\/p>\n<p><strong>C :<\/strong> Je m&rsquo;ennuie.<\/p>\n<p><strong>D :<\/strong> il faut savoir savourer l&rsquo;ennui.<\/p>\n<p><strong>A :<\/strong> Arr\u00eate de dire des conneries.<\/p>\n<p><strong>B :<\/strong> Quelqu&rsquo;un a soif ?<\/p>\n<p><strong>A :<\/strong> Je ferme les yeux \u00e0 nouveau, ma t\u00eate tourne.<\/p>\n<p><strong>D :<\/strong> Ma t\u00eate tourne aussi, et j&rsquo;ai envie de pisser.<\/p>\n<p><strong>C :<\/strong> Il m&rsquo;arrive parfois de me retenir d&rsquo;uriner le plus longtemps possible. Jusqu&rsquo;\u00e0 ce que \u00e7a devienne insupportable. Puis, quand je n&rsquo;en peux plus, je me pr\u00e9cipite aux toilettes, ou dans n&rsquo;importe quel endroit qui me permette de me soulager. Mon but \u00e9tant de ressentir une forme d&rsquo;absolu dans la d\u00e9livrance : sentir le jet de pisse chaud me sortir du corps avec une violence incroyable, m&rsquo;en mettre sur les pieds \u00e9ventuellement, mais n&rsquo;en avoir rien \u00e0 foutre, parce que c&rsquo;est \u00e7a ou la p\u00e9ritonite.<\/p>\n<p><strong>A :<\/strong> Je vois parfaitement ce que tu veux dire. \u00c7a fait une demi-heure que je m&#8217;emp\u00eache d&rsquo;aller pisser.<\/p>\n<p><strong>D :<\/strong> Pour les hommes, c&rsquo;est pas pareil.<\/p>\n<p><strong>A :<\/strong> Ah ?<\/p>\n<p><strong>C :<\/strong> Non, ce n&rsquo;est pas pareil.<\/p>\n<p><strong>B :<\/strong>\u00a0Il demande : qu&rsquo;est-ce que tu en sais ?<\/p>\n<p><strong>D :<\/strong>\u00a0Elle r\u00e9pond : je le sais, c&rsquo;est tout.<\/p>\n<p><strong>A :<\/strong> Soit.<\/p>\n<p><strong>C :<\/strong> Incroyable.<\/p>\n<p><strong>A :<\/strong> Elle dit : incroyable.<br \/>\nJe me sens seul tout \u00e0 coup.<\/p>\n<p><strong>D :<\/strong> Je me tais.<\/p>\n<p><strong>B :<\/strong> Lui ne voit, ne pense, ne consid\u00e8re que sa mouche, que cette mouche, et rien que cette mouche<br \/>\nqui danse<br \/>\nqui danse derri\u00e8re ses paupi\u00e8res.<\/p>\n<p><strong>D :<\/strong>\u00a0Elle, elle ne voit rien. rien du tout.<\/p>\n<p><strong>B :<\/strong> Tout avait pourtant tr\u00e8s bien commenc\u00e9. Au d\u00e9part, on peut parler d&rsquo;une certaine harmonie entre eux. Tout a d\u00e9marr\u00e9 en haut d&rsquo;un immeuble ; tout d\u00e9marre toujours en haut d&rsquo;un immeuble. ils \u00e9taient en haut, tout en haut, au plus pr\u00e8s du ciel. ils \u00e9taient aveugl\u00e9s par la lumi\u00e8re intense. ils \u00e9taient heureux d&rsquo;\u00eatre aveugles. ils \u00e9taient aveugl\u00e9s et f\u00e9briles, positivement f\u00e9briles, br\u00fblants l&rsquo;un de l&rsquo;autre, et ils sont arriv\u00e9s au point de basculement.<\/p>\n<p><strong>D :<\/strong> ils sont arriv\u00e9s \u00e0 ce tout petit moment o\u00f9 potentiellement tout se joue.<\/p>\n<p><strong>B :<\/strong> Que l&rsquo;on saisit, ou pas.<\/p>\n<p><strong>D :<\/strong>\u00a0Et qui peut d\u00e9terminer une vie.<\/p>\n<p><strong>A :<\/strong> Foutaise. Il n&rsquo;y a pas de basculement qui tienne, il est impossible qu&rsquo;une vie soit d\u00e9termin\u00e9e.<\/p>\n<p><strong>B :<\/strong> Si. Tu as un destin, tout le monde a un destin. Il faut se laisser guider par les signes.<\/p>\n<p><strong>C :<\/strong> Tout n&rsquo;est que hasard, et n\u00e9cessit\u00e9.<\/p>\n<p><strong>D :<\/strong> Si tu rates les signes, tu rates ta vie.<\/p>\n<p><strong>B :<\/strong> Une vie rat\u00e9e peut devenir une belle vie.<\/p>\n<p><strong>D :<\/strong> Bref, ils se sont embrass\u00e9s et ils ont cru que d\u00e9sormais tout allait aller beaucoup mieux, beaucoup, beaucoup mieux.<\/p>\n<p><strong>A :<\/strong> Tu me fatigues.<\/p>\n<p><strong>C :<\/strong> Je sais.<\/p>\n<p><strong>A :<\/strong> Je lui demande de fermer les yeux&#8230; Je dis :<\/p>\n<p><strong>B :<\/strong> \u00ab\u00a0Tu vois la mouche ?\u00a0\u00bb<\/p>\n<p><strong>D :<\/strong> Et cette conne r\u00e9pond : \u00ab\u00a0Je ne vois rien.\u00a0\u00bb<\/p>\n<p><strong>B :<\/strong> \u00ab\u00a0C&rsquo;est \u00e9trange&#8230;\u00a0\u00bb, il dit.<\/p>\n<p><strong>D :<\/strong> Elle r\u00e9pond : \u00ab\u00a0oui\u00a0\u00bb.<\/p>\n<p><strong>C :<\/strong> Je me sens tellement seule tout \u00e0 coup.<\/p>\n<p><strong>B :<\/strong> Elle est loin. Ailleurs.<\/p>\n<p><strong>C :<\/strong> Je vais r\u00e9essayer.<\/p>\n<p><strong>D :<\/strong>\u00a0Elle dit : \u00ab\u00a0Je veux r\u00e9essayer, je veux y arriver. Je veux, moi aussi, voir la mouche, la voir bourdonner, la voir se poser sur une miette, filer quand quelque chose s&rsquo;approche, m\u00e9fiante de tout et de rien, agile comme personne, terriblement laide, mais terriblement obs\u00e9dante.\u00a0\u00bb<\/p>\n<p><strong>C :<\/strong> Mais quand je ferme les yeux, il n&rsquo;y a rien, rien du tout.<\/p>\n<p><strong>D :<\/strong> Que des traces orange, vertes et rouges de persistance r\u00e9tinienne.<\/p>\n","protected":false},"excerpt":{"rendered":"<p>A : Je fixe le soleil, \u00e7a br\u00fble, je ferme les yeux, je baigne dans une lumi\u00e8re orange, compl\u00e8tement et stupidement orange ; il fait chaud, je me dis qu&rsquo;il fait chaud, l&rsquo;air est lourd, extr\u00eamement lourd, des gouttes de sueur se forment \u00e0 la fronti\u00e8re trac\u00e9e par mes cheveux entre mon front et mon &hellip; <\/p>\n<p class=\"link-more\"><a href=\"https:\/\/thomasdepryck.be\/?page_id=118\" class=\"more-link\">Continuer la lecture<span class=\"screen-reader-text\"> de &laquo;&nbsp;\u00e9treinte dans le noir &#8211; extrait&nbsp;&raquo;<\/span><\/a><\/p>\n","protected":false},"author":1,"featured_media":0,"parent":0,"menu_order":0,"comment_status":"closed","ping_status":"closed","template":"","meta":[],"yoast_head":"<!-- This site is optimized with the Yoast SEO plugin v18.2 - https:\/\/yoast.com\/wordpress\/plugins\/seo\/ -->\n<title>\u00e9treinte dans le noir - extrait - thomas depryck<\/title>\n<meta name=\"robots\" content=\"index, follow, max-snippet:-1, max-image-preview:large, max-video-preview:-1\" \/>\n<link rel=\"canonical\" href=\"https:\/\/thomasdepryck.be\/?page_id=118\" \/>\n<meta property=\"og:locale\" content=\"fr_FR\" \/>\n<meta property=\"og:type\" content=\"article\" \/>\n<meta property=\"og:title\" content=\"\u00e9treinte dans le noir - extrait - thomas depryck\" \/>\n<meta property=\"og:description\" content=\"A : Je fixe le soleil, \u00e7a br\u00fble, je ferme les yeux, je baigne dans une lumi\u00e8re orange, compl\u00e8tement et stupidement orange ; il fait chaud, je me dis qu&rsquo;il fait chaud, l&rsquo;air est lourd, extr\u00eamement lourd, des gouttes de sueur se forment \u00e0 la fronti\u00e8re trac\u00e9e par mes cheveux entre mon front et mon &hellip; Continuer la lecture de &laquo;&nbsp;\u00e9treinte dans le noir &#8211; extrait&nbsp;&raquo;\" \/>\n<meta property=\"og:url\" content=\"https:\/\/thomasdepryck.be\/?page_id=118\" \/>\n<meta property=\"og:site_name\" content=\"thomas depryck\" \/>\n<meta property=\"article:modified_time\" content=\"2017-09-09T12:59:02+00:00\" \/>\n<meta name=\"twitter:card\" content=\"summary\" \/>\n<meta name=\"twitter:label1\" content=\"Dur\u00e9e de lecture estim\u00e9e\" \/>\n\t<meta name=\"twitter:data1\" content=\"5 minutes\" \/>\n<script type=\"application\/ld+json\" class=\"yoast-schema-graph\">{\"@context\":\"https:\/\/schema.org\",\"@graph\":[{\"@type\":\"WebSite\",\"@id\":\"https:\/\/thomasdepryck.be\/#website\",\"url\":\"https:\/\/thomasdepryck.be\/\",\"name\":\"thomas depryck\",\"description\":\"auteur &amp; dramaturge\",\"potentialAction\":[{\"@type\":\"SearchAction\",\"target\":{\"@type\":\"EntryPoint\",\"urlTemplate\":\"https:\/\/thomasdepryck.be\/?s={search_term_string}\"},\"query-input\":\"required name=search_term_string\"}],\"inLanguage\":\"fr-FR\"},{\"@type\":\"WebPage\",\"@id\":\"https:\/\/thomasdepryck.be\/?page_id=118#webpage\",\"url\":\"https:\/\/thomasdepryck.be\/?page_id=118\",\"name\":\"\u00e9treinte dans le noir - extrait - thomas depryck\",\"isPartOf\":{\"@id\":\"https:\/\/thomasdepryck.be\/#website\"},\"datePublished\":\"2017-09-09T12:53:40+00:00\",\"dateModified\":\"2017-09-09T12:59:02+00:00\",\"breadcrumb\":{\"@id\":\"https:\/\/thomasdepryck.be\/?page_id=118#breadcrumb\"},\"inLanguage\":\"fr-FR\",\"potentialAction\":[{\"@type\":\"ReadAction\",\"target\":[\"https:\/\/thomasdepryck.be\/?page_id=118\"]}]},{\"@type\":\"BreadcrumbList\",\"@id\":\"https:\/\/thomasdepryck.be\/?page_id=118#breadcrumb\",\"itemListElement\":[{\"@type\":\"ListItem\",\"position\":1,\"name\":\"Accueil\",\"item\":\"https:\/\/thomasdepryck.be\/\"},{\"@type\":\"ListItem\",\"position\":2,\"name\":\"\u00e9treinte dans le noir &#8211; extrait\"}]}]}<\/script>\n<!-- \/ Yoast SEO plugin. -->","yoast_head_json":{"title":"\u00e9treinte dans le noir - extrait - thomas depryck","robots":{"index":"index","follow":"follow","max-snippet":"max-snippet:-1","max-image-preview":"max-image-preview:large","max-video-preview":"max-video-preview:-1"},"canonical":"https:\/\/thomasdepryck.be\/?page_id=118","og_locale":"fr_FR","og_type":"article","og_title":"\u00e9treinte dans le noir - extrait - thomas depryck","og_description":"A : Je fixe le soleil, \u00e7a br\u00fble, je ferme les yeux, je baigne dans une lumi\u00e8re orange, compl\u00e8tement et stupidement orange ; il fait chaud, je me dis qu&rsquo;il fait chaud, l&rsquo;air est lourd, extr\u00eamement lourd, des gouttes de sueur se forment \u00e0 la fronti\u00e8re trac\u00e9e par mes cheveux entre mon front et mon &hellip; Continuer la lecture de &laquo;&nbsp;\u00e9treinte dans le noir &#8211; extrait&nbsp;&raquo;","og_url":"https:\/\/thomasdepryck.be\/?page_id=118","og_site_name":"thomas depryck","article_modified_time":"2017-09-09T12:59:02+00:00","twitter_card":"summary","twitter_misc":{"Dur\u00e9e de lecture estim\u00e9e":"5 minutes"},"schema":{"@context":"https:\/\/schema.org","@graph":[{"@type":"WebSite","@id":"https:\/\/thomasdepryck.be\/#website","url":"https:\/\/thomasdepryck.be\/","name":"thomas depryck","description":"auteur &amp; dramaturge","potentialAction":[{"@type":"SearchAction","target":{"@type":"EntryPoint","urlTemplate":"https:\/\/thomasdepryck.be\/?s={search_term_string}"},"query-input":"required name=search_term_string"}],"inLanguage":"fr-FR"},{"@type":"WebPage","@id":"https:\/\/thomasdepryck.be\/?page_id=118#webpage","url":"https:\/\/thomasdepryck.be\/?page_id=118","name":"\u00e9treinte dans le noir - extrait - thomas depryck","isPartOf":{"@id":"https:\/\/thomasdepryck.be\/#website"},"datePublished":"2017-09-09T12:53:40+00:00","dateModified":"2017-09-09T12:59:02+00:00","breadcrumb":{"@id":"https:\/\/thomasdepryck.be\/?page_id=118#breadcrumb"},"inLanguage":"fr-FR","potentialAction":[{"@type":"ReadAction","target":["https:\/\/thomasdepryck.be\/?page_id=118"]}]},{"@type":"BreadcrumbList","@id":"https:\/\/thomasdepryck.be\/?page_id=118#breadcrumb","itemListElement":[{"@type":"ListItem","position":1,"name":"Accueil","item":"https:\/\/thomasdepryck.be\/"},{"@type":"ListItem","position":2,"name":"\u00e9treinte dans le noir &#8211; extrait"}]}]}},"_links":{"self":[{"href":"https:\/\/thomasdepryck.be\/index.php?rest_route=\/wp\/v2\/pages\/118"}],"collection":[{"href":"https:\/\/thomasdepryck.be\/index.php?rest_route=\/wp\/v2\/pages"}],"about":[{"href":"https:\/\/thomasdepryck.be\/index.php?rest_route=\/wp\/v2\/types\/page"}],"author":[{"embeddable":true,"href":"https:\/\/thomasdepryck.be\/index.php?rest_route=\/wp\/v2\/users\/1"}],"replies":[{"embeddable":true,"href":"https:\/\/thomasdepryck.be\/index.php?rest_route=%2Fwp%2Fv2%2Fcomments&post=118"}],"version-history":[{"count":3,"href":"https:\/\/thomasdepryck.be\/index.php?rest_route=\/wp\/v2\/pages\/118\/revisions"}],"predecessor-version":[{"id":124,"href":"https:\/\/thomasdepryck.be\/index.php?rest_route=\/wp\/v2\/pages\/118\/revisions\/124"}],"wp:attachment":[{"href":"https:\/\/thomasdepryck.be\/index.php?rest_route=%2Fwp%2Fv2%2Fmedia&parent=118"}],"curies":[{"name":"wp","href":"https:\/\/api.w.org\/{rel}","templated":true}]}}