{"id":103,"date":"2017-09-09T14:04:18","date_gmt":"2017-09-09T12:04:18","guid":{"rendered":"http:\/\/thomasdepryck.be\/?page_id=103"},"modified":"2017-09-09T14:04:18","modified_gmt":"2017-09-09T12:04:18","slug":"dehors-extrait","status":"publish","type":"page","link":"https:\/\/thomasdepryck.be\/?page_id=103","title":{"rendered":"dehors &#8211; extrait"},"content":{"rendered":"<p><strong>R<\/strong> : Je traverse le champ de part en part. Le soleil tape. Je cuis. Les herbes hautes ondulent au gr\u00e9 du vent, se brisent quand elles sont trop s\u00e8ches. Mon bras me fait \u00e0 nouveau un mal de chien. Il va pleuvoir dans quelques jours. Je m\u2019assieds.<\/p>\n<p>Des insectes dansent autour de mes chaussures.<\/p>\n<p>On dirait qu\u2019ils f\u00eatent quelque chose ces cons.<\/p>\n<p>Ma m\u00e8re se prom\u00e8ne sur la ligne d\u2019horizon, elle marche, mais n\u2019avance pas, elle stagne, fait du surplace, elle m\u2019appelle, mais je n\u2019entends rien.<\/p>\n<p>Tout \u00e7a est loin. Tellement loin.<\/p>\n<p>La brise chaude me caresse le visage.<\/p>\n<p>On \u00e9tait peut-\u00eatre deux ou trois cents, je ne sais plus. On attendait. On attendait quoi ? C\u2019\u00e9tait mon mariage. Je n\u2019arrivais pas \u00e0 r\u00e9fl\u00e9chir. Vide total en dedans. Seul dans un coin, je tentais de calmer mon mal de cr\u00e2ne. Ma m\u00e8re n\u2019arr\u00eatait pas de geindre. Je lui ai dit\u00a0: \u00e7a m\u2019\u00e9puise, ta gueule. Je lui ai dit\u00a0: tais-toi, je n\u2019arrive pas \u00e0 r\u00e9fl\u00e9chir. Je n\u2019arrive pas \u00e0 me concentrer.<\/p>\n<p>Les odeurs \u00e9taient \u00e9pouvantables. \u00c7a sentait le chien mouill\u00e9. Le chien qui a pass\u00e9 toutes ses journ\u00e9es dehors. Ou le rat. Une bestiole de ce genre-l\u00e0. Un petit chien ou un gros rat, c\u2019est pareil.<\/p>\n<p>Ma femme avec le ventre tir\u00e9 de toutes parts d\u00e9ambulait, se pavanait. Princesse. Connasse. Fain\u00e9ante. Rien foutre \u00e7a elle savait. Mais pour le reste, que dalle.<\/p>\n<p>Mon c\u0153ur bat pousse d\u00e9chire tout \u00e0 l\u2019int\u00e9rieur. Je ne sens plus ni mes mains ni mes pieds. Ma t\u00eate repose dans une mousse blanche remplie de d\u00e9bris de verre. Mes yeux gonflent. Je sens la pression qui monte, qui compresse le globe oculaire, et envoie dans mes m\u00e2choires d\u2019insupportables d\u00e9charges de douleur.<\/p>\n<p>J\u2019ai besoin d\u2019un verre.<\/p>\n<p>J\u2019ai trente-huit ans. Je m\u2019appelle Michel.<\/p>\n<p>Je suis mort.<\/p>\n<p>Vous comprenez ce que je dis\u00a0? Vous \u00eates o\u00f9\u00a0?<\/p>\n<p>Je suis l\u00e0. J\u2019attends.<\/p>\n<p>Je m\u2019\u00e9rode au gr\u00e9 du vent. Je suis comme un caillou, mais pas un galet, non, pas quelque chose de lisse, non, un truc r\u00eache, un truc plein d\u2019asp\u00e9rit\u00e9s. Un caillou quoi, qui tient mal dans la main, qu\u2019on l\u00e2che vite parce que sa texture est, au toucher, tr\u00e8s d\u00e9sagr\u00e9able, rugueuse, coupante, surtout quand du sable s\u2019y est incrust\u00e9, surtout quand de la crasse en inonde les sillons et les crevasses.<\/p>\n<p>Je suis l\u00e0, j\u2019attends.<\/p>\n<p>Je p\u00e8se de tout mon poids, mais rien ne s\u2019affaisse. Je suis mort. Je suis comme le cadavre de rat ou de chien qui traine l\u00e0-bas dans les champs, et que les mouches se partagent. J\u2019aime les mouches. Elles ont une pr\u00e9sence folle, irr\u00e9sistible, incommensurable, imm\u00e9diate, radicale.<\/p>\n<p>Les insectes sont fascinants. A mes pieds, ils continuent leur petit man\u00e8ge, indiff\u00e9rents \u00e0 la chaleur, au manque d\u2019oxyg\u00e8ne, \u00e0 la salet\u00e9. On devrait peut-\u00eatre tous vivre comme \u00e7a\u00a0: insensibles \u00e0 tout.<\/p>\n<p>Depuis quand je suis mort\u00a0? Je ne sais pas. Je ne sais vraiment pas.<\/p>\n<p>Qu\u2019est-ce que je raconte\u00a0? Vous m\u2019\u00e9coutez\u00a0? Vous n\u2019en avez rien \u00e0 cirer, hein\u00a0? \u00c7a n\u2019a aucune importance. Je ne sais pas tr\u00e8s bien non plus ni quand ni o\u00f9 je suis n\u00e9. Peut-\u00eatre au sanatorium quand j\u2019\u00e9tais malade.<\/p>\n<p>J\u2019ai toujours \u00e9t\u00e9 malade.<\/p>\n<p>L\u2019odeur et le bruit des champs me traverse, s\u2019accroche \u00e0 moi, me caresse la peau, et j\u2019ai envie d\u2019une cigarette. D\u2019un verre et d\u2019une cigarette. Je n\u2019en veux \u00e0 personne de ce qui est arriv\u00e9, non, \u00e0 personne. Si j\u2019avais eu un peu d\u2019argent \u00e7\u2019aurait \u00e9t\u00e9 diff\u00e9rent. Mais il a toujours fil\u00e9, disparu, comme \u00e7a, sans raison.<\/p>\n","protected":false},"excerpt":{"rendered":"<p>R : Je traverse le champ de part en part. Le soleil tape. Je cuis. Les herbes hautes ondulent au gr\u00e9 du vent, se brisent quand elles sont trop s\u00e8ches. Mon bras me fait \u00e0 nouveau un mal de chien. Il va pleuvoir dans quelques jours. Je m\u2019assieds. Des insectes dansent autour de mes chaussures. &hellip; <\/p>\n<p class=\"link-more\"><a href=\"https:\/\/thomasdepryck.be\/?page_id=103\" class=\"more-link\">Continuer la lecture<span class=\"screen-reader-text\"> de &laquo;&nbsp;dehors &#8211; extrait&nbsp;&raquo;<\/span><\/a><\/p>\n","protected":false},"author":1,"featured_media":0,"parent":0,"menu_order":0,"comment_status":"closed","ping_status":"closed","template":"","meta":[],"yoast_head":"<!-- This site is optimized with the Yoast SEO plugin v18.2 - https:\/\/yoast.com\/wordpress\/plugins\/seo\/ -->\n<title>dehors - extrait - thomas depryck<\/title>\n<meta name=\"robots\" content=\"index, follow, max-snippet:-1, max-image-preview:large, max-video-preview:-1\" \/>\n<link rel=\"canonical\" href=\"https:\/\/thomasdepryck.be\/?page_id=103\" \/>\n<meta property=\"og:locale\" content=\"fr_FR\" \/>\n<meta property=\"og:type\" content=\"article\" \/>\n<meta property=\"og:title\" content=\"dehors - extrait - thomas depryck\" \/>\n<meta property=\"og:description\" content=\"R : Je traverse le champ de part en part. Le soleil tape. Je cuis. Les herbes hautes ondulent au gr\u00e9 du vent, se brisent quand elles sont trop s\u00e8ches. Mon bras me fait \u00e0 nouveau un mal de chien. Il va pleuvoir dans quelques jours. Je m\u2019assieds. Des insectes dansent autour de mes chaussures. &hellip; Continuer la lecture de &laquo;&nbsp;dehors &#8211; extrait&nbsp;&raquo;\" \/>\n<meta property=\"og:url\" content=\"https:\/\/thomasdepryck.be\/?page_id=103\" \/>\n<meta property=\"og:site_name\" content=\"thomas depryck\" \/>\n<meta name=\"twitter:card\" content=\"summary\" \/>\n<meta name=\"twitter:label1\" content=\"Dur\u00e9e de lecture estim\u00e9e\" \/>\n\t<meta name=\"twitter:data1\" content=\"3 minutes\" \/>\n<script type=\"application\/ld+json\" class=\"yoast-schema-graph\">{\"@context\":\"https:\/\/schema.org\",\"@graph\":[{\"@type\":\"WebSite\",\"@id\":\"https:\/\/thomasdepryck.be\/#website\",\"url\":\"https:\/\/thomasdepryck.be\/\",\"name\":\"thomas depryck\",\"description\":\"auteur &amp; dramaturge\",\"potentialAction\":[{\"@type\":\"SearchAction\",\"target\":{\"@type\":\"EntryPoint\",\"urlTemplate\":\"https:\/\/thomasdepryck.be\/?s={search_term_string}\"},\"query-input\":\"required name=search_term_string\"}],\"inLanguage\":\"fr-FR\"},{\"@type\":\"WebPage\",\"@id\":\"https:\/\/thomasdepryck.be\/?page_id=103#webpage\",\"url\":\"https:\/\/thomasdepryck.be\/?page_id=103\",\"name\":\"dehors - extrait - thomas depryck\",\"isPartOf\":{\"@id\":\"https:\/\/thomasdepryck.be\/#website\"},\"datePublished\":\"2017-09-09T12:04:18+00:00\",\"dateModified\":\"2017-09-09T12:04:18+00:00\",\"breadcrumb\":{\"@id\":\"https:\/\/thomasdepryck.be\/?page_id=103#breadcrumb\"},\"inLanguage\":\"fr-FR\",\"potentialAction\":[{\"@type\":\"ReadAction\",\"target\":[\"https:\/\/thomasdepryck.be\/?page_id=103\"]}]},{\"@type\":\"BreadcrumbList\",\"@id\":\"https:\/\/thomasdepryck.be\/?page_id=103#breadcrumb\",\"itemListElement\":[{\"@type\":\"ListItem\",\"position\":1,\"name\":\"Accueil\",\"item\":\"https:\/\/thomasdepryck.be\/\"},{\"@type\":\"ListItem\",\"position\":2,\"name\":\"dehors &#8211; extrait\"}]}]}<\/script>\n<!-- \/ Yoast SEO plugin. -->","yoast_head_json":{"title":"dehors - extrait - thomas depryck","robots":{"index":"index","follow":"follow","max-snippet":"max-snippet:-1","max-image-preview":"max-image-preview:large","max-video-preview":"max-video-preview:-1"},"canonical":"https:\/\/thomasdepryck.be\/?page_id=103","og_locale":"fr_FR","og_type":"article","og_title":"dehors - extrait - thomas depryck","og_description":"R : Je traverse le champ de part en part. Le soleil tape. Je cuis. Les herbes hautes ondulent au gr\u00e9 du vent, se brisent quand elles sont trop s\u00e8ches. Mon bras me fait \u00e0 nouveau un mal de chien. Il va pleuvoir dans quelques jours. Je m\u2019assieds. Des insectes dansent autour de mes chaussures. &hellip; Continuer la lecture de &laquo;&nbsp;dehors &#8211; extrait&nbsp;&raquo;","og_url":"https:\/\/thomasdepryck.be\/?page_id=103","og_site_name":"thomas depryck","twitter_card":"summary","twitter_misc":{"Dur\u00e9e de lecture estim\u00e9e":"3 minutes"},"schema":{"@context":"https:\/\/schema.org","@graph":[{"@type":"WebSite","@id":"https:\/\/thomasdepryck.be\/#website","url":"https:\/\/thomasdepryck.be\/","name":"thomas depryck","description":"auteur &amp; dramaturge","potentialAction":[{"@type":"SearchAction","target":{"@type":"EntryPoint","urlTemplate":"https:\/\/thomasdepryck.be\/?s={search_term_string}"},"query-input":"required name=search_term_string"}],"inLanguage":"fr-FR"},{"@type":"WebPage","@id":"https:\/\/thomasdepryck.be\/?page_id=103#webpage","url":"https:\/\/thomasdepryck.be\/?page_id=103","name":"dehors - extrait - thomas depryck","isPartOf":{"@id":"https:\/\/thomasdepryck.be\/#website"},"datePublished":"2017-09-09T12:04:18+00:00","dateModified":"2017-09-09T12:04:18+00:00","breadcrumb":{"@id":"https:\/\/thomasdepryck.be\/?page_id=103#breadcrumb"},"inLanguage":"fr-FR","potentialAction":[{"@type":"ReadAction","target":["https:\/\/thomasdepryck.be\/?page_id=103"]}]},{"@type":"BreadcrumbList","@id":"https:\/\/thomasdepryck.be\/?page_id=103#breadcrumb","itemListElement":[{"@type":"ListItem","position":1,"name":"Accueil","item":"https:\/\/thomasdepryck.be\/"},{"@type":"ListItem","position":2,"name":"dehors &#8211; extrait"}]}]}},"_links":{"self":[{"href":"https:\/\/thomasdepryck.be\/index.php?rest_route=\/wp\/v2\/pages\/103"}],"collection":[{"href":"https:\/\/thomasdepryck.be\/index.php?rest_route=\/wp\/v2\/pages"}],"about":[{"href":"https:\/\/thomasdepryck.be\/index.php?rest_route=\/wp\/v2\/types\/page"}],"author":[{"embeddable":true,"href":"https:\/\/thomasdepryck.be\/index.php?rest_route=\/wp\/v2\/users\/1"}],"replies":[{"embeddable":true,"href":"https:\/\/thomasdepryck.be\/index.php?rest_route=%2Fwp%2Fv2%2Fcomments&post=103"}],"version-history":[{"count":1,"href":"https:\/\/thomasdepryck.be\/index.php?rest_route=\/wp\/v2\/pages\/103\/revisions"}],"predecessor-version":[{"id":104,"href":"https:\/\/thomasdepryck.be\/index.php?rest_route=\/wp\/v2\/pages\/103\/revisions\/104"}],"wp:attachment":[{"href":"https:\/\/thomasdepryck.be\/index.php?rest_route=%2Fwp%2Fv2%2Fmedia&parent=103"}],"curies":[{"name":"wp","href":"https:\/\/api.w.org\/{rel}","templated":true}]}}